{"id":11827,"date":"2017-10-09T10:20:36","date_gmt":"2017-10-09T09:20:36","guid":{"rendered":"http:\/\/metalaym.com\/en\/informacio-legal\/"},"modified":"2019-02-25T18:52:27","modified_gmt":"2019-02-25T17:52:27","slug":"legal-policy","status":"publish","type":"page","link":"https:\/\/metalaym.com\/en\/legal-policy\/","title":{"rendered":"Legal policy"},"content":{"rendered":"<div class=\"wpb-content-wrapper\"><p>[vc_row css=&#8221;.vc_custom_1507541007434{margin-top: 60px !important;}&#8221;][vc_column css=&#8221;.vc_custom_1507540970948{padding-bottom: 60px !important;}&#8221;][section_header main_heading=&#8221;Av\u00eds legal&#8221; text_align=&#8221;left&#8221; font_size=&#8221;custom&#8221; custom_font_size=&#8221;20&#8243; font_weight=&#8221;normal&#8221; use_multi_color=&#8221;0&#8243;][vc_column_text]En compliment del que preveu l&#8217;article 10 de la Llei 34\/2002, de 11 de juliol, de Serveis de la Societat de la Informaci\u00f3 i Comer\u00e7 Electr\u00f2nic (LSSICE), s&#8217;informa que metalaym.com \u00e9s un domini de l&#8217;empresa <strong>APLICACIONS METALAYM . S.L.<\/strong>, a continuaci\u00f3 es detallen les dades identificatives de l&#8217;entitat:<\/p>\n<p><strong>Ra\u00f3 social: APLICACIONS METALAYM, S.L.<\/strong><br \/>\n<strong>NIF: B-17944836<\/strong><br \/>\n<strong>Direcci\u00f3: C \/ Roure, 3 (Pol.Ind Jardi) -17843- Palol de Revardit- GIRONA<\/strong><br \/>\n<strong>Tel\u00e8fon: 972 596635<\/strong><br \/>\n<strong>Correu electr\u00f2nic: <a href=\"mailto:info@metalaym.com\">info@metalaym.com<\/a><\/strong><\/p>\n<p>La societat APLICACIONS METALAYM, S.L., amb el CIF: (ES) B-17.944.836 que figura inscrita al registre mercantil de GIRONA (ESPANYA).[\/vc_column_text][section_header main_heading=&#8221;Finalitat de la p\u00e0gina web&#8221; text_align=&#8221;left&#8221; font_size=&#8221;custom&#8221; custom_font_size=&#8221;20&#8243; font_weight=&#8221;normal&#8221; use_multi_color=&#8221;0&#8243;][vc_column_text]APLICACIONS METALAYM, S.L., t\u00e9 com a finalitat o activitat la planxisteria ind\u00fastrial i caldereria fina, especialitzada en la construcci\u00f3 de components per a la ind\u00fastria aliment\u00e0ria, energies renovables, farmac\u00e8utica, naval.<\/p>\n<p>El present av\u00eds legal (d\u2019ara en endavant, l&#8221;Av\u00eds Legal&#8221;) regula l\u2019\u00fas del web:\u00a0<a href=\"http:\/\/www.metalaym.com\">www.metalaym.com<\/a>[\/vc_column_text][section_header main_heading=&#8221;Legislaci\u00f3&#8221; text_align=&#8221;left&#8221; font_size=&#8221;custom&#8221; custom_font_size=&#8221;20&#8243; font_weight=&#8221;normal&#8221; use_multi_color=&#8221;0&#8243;][vc_column_text]Amb caracter general les relacions entre B17944836 () con els Usuaris dels seus serveis telem\u00e0tics, presents en aquest web, es troben sotmeses a la legislaci\u00f3 i jurisdicci\u00f3 espanyoles.[\/vc_column_text][section_header main_heading=&#8221;\u00das i acc\u00e9s d&#8217;usuaris&#8221; text_align=&#8221;left&#8221; font_size=&#8221;custom&#8221; custom_font_size=&#8221;20&#8243; font_weight=&#8221;normal&#8221; use_multi_color=&#8221;0&#8243;][vc_column_text]L\u2019usuari queda informat, i accepta, que l\u2019acc\u00e9s al present web no suposa, en cap cas, l\u2019inici d\u2019una relaci\u00f3 comercial amb APLICACIONS METALAYM, S.L. () o qualsevol de les seves delegacions.[\/vc_column_text][section_header main_heading=&#8221;Propietat intel\u00b7lectual i industrial&#8221; text_align=&#8221;left&#8221; font_size=&#8221;custom&#8221; custom_font_size=&#8221;20&#8243; font_weight=&#8221;normal&#8221; use_multi_color=&#8221;0&#8243;][vc_column_text]Els drets de propietat intel\u00b7lectual del contingut de les p\u00e0gines web, el seu disseny gr\u00e0fic i codis s\u00f3n titularitat d\u2019APLICACIONS METALAYM, S.L. () i, per tant, queda prohibida la seva reproducci\u00f3, distribuci\u00f3, comunicaci\u00f3 p\u00fablica, transformaci\u00f3 o qualsevol altra activitat que es pugui realitzar amb els continguts de les p\u00e0gines web, encara que sigui citant les fonts, llevat consentiment per escrit d\u2019APLICACIONS METALAYM, S.L. ().[\/vc_column_text][section_header main_heading=&#8221;Contingut del web i enlla\u00e7os (links)&#8221; text_align=&#8221;left&#8221; font_size=&#8221;custom&#8221; custom_font_size=&#8221;20&#8243; font_weight=&#8221;normal&#8221; use_multi_color=&#8221;0&#8243;][vc_column_text]APLICACIONS METALAYM, S.L. () es reserva el dret a actualitzar, modificar o eliminar la informaci\u00f3 continguda en les seves p\u00e0gines web podent incl\u00fas limitar o no permetre l\u2019acc\u00e8s a dita informaci\u00f3 a certs usuaris.<\/p>\n<p>APLICACIONS METALAYM, S.L. () no assumeix cap responsabilitat per la informaci\u00f3 continguda en p\u00e0ginas web de tercers a les que es pugui accedir per &#8220;links&#8221; o enlla\u00e7os des de qualsevol p\u00e0gina web propietat d\u2019APLICACIONS METALAYM, S.L. (). La presencia de &#8220;links&#8221; o enlla\u00e7os en las p\u00e0gines web d\u2019APLICACIONS METALAYM, S.L. () tenen finalitat merament informativa i en cap cas suposa suger\u00e8ncia, invitacin o recomendaci\u00f3 sobre els mateixos.[\/vc_column_text][section_header main_heading=&#8221;Pol\u00edtica de cookies&#8221; text_align=&#8221;left&#8221; font_size=&#8221;custom&#8221; custom_font_size=&#8221;20&#8243; font_weight=&#8221;normal&#8221; use_multi_color=&#8221;0&#8243;][vc_column_text]APLICACIONS METALAYM, S.L. (), atrav\u00e9s del present document, recull la seva Pol\u00edtica de recollida i tractament de cookies, en cumpliment del que disposa l\u2019article 22.2 de la Llei 34\/2002, de l\u201911 de juliol, dels Serveiss de la Societat de la Informaci\u00f3 y de Comer\u00e7 Electr\u00f2nic (LSSICE).<\/p>\n<p>Les cookies s\u2019enmagatzemen en l\u2019equip terminal de l\u2019usuari (ordenador o dispositiu m\u00f3bil) i recopilen informaci\u00f3 al visitar la p\u00e1gina web www.metalaym.com, amb la finalitat de millorar la usabilitat de les mateixes, con\u00e8ixer els h\u00e0bits o necessitats de navegaci\u00f3 dels usuaris per poder adaptarse als mateixos, aix\u00ed com obtenir informaci\u00f3 amb finalitats estad\u00edstiques. En el cas d\u2019aquells usuaris que ja siguin clients d\u2019APLICACIONS METALAYM, S.L. (), la informaci\u00f3 recollida amb les cookies servir\u00e0 tamb\u00e9 per a la seva identificaci\u00f3 a l\u2019accedir a les diferents eines que APLICACIONS METALAYM, S.L. () posa a la seva disposici\u00f3 per a la gesti\u00f3 dels serveis.<\/p>\n<p>La presente Pol\u00edtica de Cookies ser\u00e0 d\u2019aplicaci\u00f3 a aquells usuaris que voluntariament visiten les p\u00e0gines web d\u2019APLICACIONS METALAYM, S.L. (), cumplimenten formularis de recollida de dades, accedeixen a les eines que APLICACIONS METALAYM, S.L. () posa a disposici\u00f3 dels seus clients per gestionar els seus serveis, o utilitzaen qualsevol altre servei present en el lloc web que impliqui la comunicaci\u00f3 de dadess a APLICACIONS METALAYM, S.L.(), o l\u2019acc\u00e9s a dades per APLICACIONS METALAYM, S.L. (), per a la prestaci\u00f3 dels seus serveis.<\/p>\n<p>APLICACIONS METALAYM, S.L. () informa als usuaris de les seves p\u00e0ginas web, de l\u2019exist\u00e8ncia de cookies i posa a la seva disposici\u00f3 la present Pol\u00edtica amb la finalitat d\u2019informar-los sobre l\u2019\u00fas i del objectiu de les mateixes. El fet de continuar la navegaci\u00f3 atrav\u00e9s de les seves p\u00e0gines, suposa el coneixement i l\u2019acceptaci\u00f3 de la present Pol\u00edtica per part d\u2019aquests usuaris.<\/p>\n<p>APLICACIONS METALAYM, S.L. () utilitza els seg\u00fcents tipus de cookies:<\/p>\n<p>Classificades per la seva titularitat:<\/p>\n<p>*Cookies propies: enviades i gestionades directament per APLICACIONS METALAYM, S.L..<\/p>\n<p>*Cookies de tercers: enviades i gestionades por un tercer ali\u00e8 a APLICACIONS METALAYM, S.L., de forma an\u00f3nima, amb la finalitat de realitzar estudis estad\u00edstics de navegaci\u00f3 per les p\u00e0gines web d\u2019APLICACIONS METALAYM, S.L..<\/p>\n<p>Classificades por la seva finalitat:<\/p>\n<p>*Cookies t\u00e9cniques i\/o de personalitzaci\u00f3: faciliten la navegaci\u00f3, a l\u2019identificar la sessi\u00f3, permetre l\u2019acc\u00e9s a eines d\u2019acc\u00e9s restringit, a m\u00e9s de configurar a mida les opcions disponibles. Possibiliten la prestaci\u00f3 del servei solicitat pr\u00e8viament per l\u2019usuari.<\/p>\n<p>*Cookies d\u2019an\u00e0lisi i\/o publicitat: permeten con\u00e8ixer el n\u00famero de visites rebudes en les diferents seccions de les p\u00e0ginas web, els h\u00e0bits i tendencies dels seus usuaris i en conseq\u00fc\u00e8ncia, poder millorar la navegaci\u00f3 i el servei ofert per APLICACIONS METALAYM, S.L. (fundamentalment, Google Analytics), aix\u00ed com gestionar els espacis publicitaris inclosos en la p\u00e0gina web visitada per l\u2019usuari. Recopila dades de forma an\u00f3nima amb la finalitat d\u2019obtenir perfils de navegaci\u00f3 dels usuaris.<\/p>\n<p>Classificades per la seva durada:<\/p>\n<p>*Cookies de sessi\u00f3: recullen i emmagatzemen les dades mentre l\u2019usuari accedeix a la p\u00e0gina web.<\/p>\n<p>*Cookies persistents: recullen i emmagatzemen les dades en el terminal de l\u2019usuari durant un per\u00edode de temps variable en funci\u00f3 de quina sigui la finalitat per a la que han estat utilitzades.<\/p>\n<p>El temps de conservaci\u00f3 de les cookies dependr\u00e0 del tipus de que es tracti i sempre ser\u00e0 el m\u00ednim indispensable per cumplir la seva finalitat.<\/p>\n<p>En qualsevol cas, els usuaris poden configurar el seu navegador, de manera que es deshabiliti o bloquego la recepci\u00f3 de totes o algunes de les cookies. El fet de no desitjar rebre aquestes cookies, no constitueix un impediment per poder accedir a la informaci\u00f3 dels llocs web d\u2019APLICACIONS METALAYM, S.L. encara que l\u2019\u00fas d\u2019alguns serveis podr\u00e0 ser limitat. Si una vegada atorgat el consentiment per a la recepci\u00f3 de cookies, es desitges retirar-lo, s\u2019hauran d\u2019eliminar aquelles emmagatzemades en l\u2019equip de l\u2019usuari, atrav\u00e9s de les opcions dels diferents navegadors.<\/p>\n<p>La forma de configurar els diferents navegadors per exercitar les accions senyalades en els p\u00e0rrafs anteriors, es poden consultar a:<\/p>\n<p>* Explorer: http:\/\/windows.microsoft.com\/es-es\/windows7\/how-to-manage-cookies-in-internet-explorer-9<\/p>\n<p>* Chrome: https:\/\/support.google.com\/chrome\/answer\/95647?hl=es<\/p>\n<p>* Firefox: http:\/\/support.mozilla.org\/es\/kb\/cookies-informacion-que-los-sitios-web-guardan-en-?redirectlocale=en-US&amp;redirectslug=Cookies[\/vc_column_text][\/vc_column][\/vc_row]<\/p>\n<\/div>","protected":false},"excerpt":{"rendered":"<p>[vc_row css=&#8221;.vc_custom_1507541007434{margin-top: 60px !important;}&#8221;][vc_column css=&#8221;.vc_custom_1507540970948{padding-bottom: 60px !important;}&#8221;][section_header main_heading=&#8221;Av\u00eds legal&#8221; text_align=&#8221;left&#8221; font_size=&#8221;custom&#8221; custom_font_size=&#8221;20&#8243; font_weight=&#8221;normal&#8221; use_multi_color=&#8221;0&#8243;][vc_column_text]En compliment del que preveu l&#8217;article 10 de la Llei 34\/2002, de 11 de juliol, de Serveis de la Societat de la Informaci\u00f3 i Comer\u00e7 Electr\u00f2nic (LSSICE), s&#8217;informa que metalaym.com \u00e9s un domini de l&#8217;empresa APLICACIONS METALAYM . S.L., a continuaci\u00f3 es&hellip;<\/p>\n","protected":false},"author":1,"featured_media":0,"parent":0,"menu_order":0,"comment_status":"closed","ping_status":"closed","template":"fullwidth.php","meta":{"footnotes":""},"class_list":["post-11827","page","type-page","status-publish","hentry"],"yoast_head":"<!-- This site is optimized with the Yoast SEO plugin v25.3 - https:\/\/yoast.com\/wordpress\/plugins\/seo\/ -->\n<title>Legal policy<\/title>\n<meta name=\"description\" content=\"Legal policy\" \/>\n<meta name=\"robots\" content=\"index, follow, max-snippet:-1, max-image-preview:large, max-video-preview:-1\" \/>\n<link rel=\"canonical\" href=\"https:\/\/metalaym.com\/en\/legal-policy\/\" \/>\n<meta property=\"og:locale\" content=\"en_US\" \/>\n<meta property=\"og:type\" content=\"article\" \/>\n<meta property=\"og:title\" content=\"Legal policy\" \/>\n<meta property=\"og:description\" content=\"Legal policy\" \/>\n<meta property=\"og:url\" content=\"https:\/\/metalaym.com\/en\/legal-policy\/\" \/>\n<meta property=\"og:site_name\" content=\"Metalaym\" \/>\n<meta property=\"article:modified_time\" content=\"2019-02-25T17:52:27+00:00\" \/>\n<meta name=\"twitter:card\" content=\"summary_large_image\" \/>\n<meta name=\"twitter:label1\" content=\"Est. reading time\" \/>\n\t<meta name=\"twitter:data1\" content=\"7 minutes\" \/>\n<script type=\"application\/ld+json\" class=\"yoast-schema-graph\">{\"@context\":\"https:\/\/schema.org\",\"@graph\":[{\"@type\":\"WebPage\",\"@id\":\"https:\/\/metalaym.com\/en\/legal-policy\/\",\"url\":\"https:\/\/metalaym.com\/en\/legal-policy\/\",\"name\":\"Legal policy\",\"isPartOf\":{\"@id\":\"https:\/\/metalaym.com\/#website\"},\"datePublished\":\"2017-10-09T09:20:36+00:00\",\"dateModified\":\"2019-02-25T17:52:27+00:00\",\"description\":\"Legal policy\",\"breadcrumb\":{\"@id\":\"https:\/\/metalaym.com\/en\/legal-policy\/#breadcrumb\"},\"inLanguage\":\"en-US\",\"potentialAction\":[{\"@type\":\"ReadAction\",\"target\":[\"https:\/\/metalaym.com\/en\/legal-policy\/\"]}]},{\"@type\":\"BreadcrumbList\",\"@id\":\"https:\/\/metalaym.com\/en\/legal-policy\/#breadcrumb\",\"itemListElement\":[{\"@type\":\"ListItem\",\"position\":1,\"name\":\"Inici\",\"item\":\"https:\/\/metalaym.com\/en\/\"},{\"@type\":\"ListItem\",\"position\":2,\"name\":\"Legal policy\"}]},{\"@type\":\"WebSite\",\"@id\":\"https:\/\/metalaym.com\/#website\",\"url\":\"https:\/\/metalaym.com\/\",\"name\":\"Metalaym\",\"description\":\"Transformaci\u00f3 met\u00e0l\u00b7lica amb ferro i inox\",\"potentialAction\":[{\"@type\":\"SearchAction\",\"target\":{\"@type\":\"EntryPoint\",\"urlTemplate\":\"https:\/\/metalaym.com\/?s={search_term_string}\"},\"query-input\":{\"@type\":\"PropertyValueSpecification\",\"valueRequired\":true,\"valueName\":\"search_term_string\"}}],\"inLanguage\":\"en-US\"}]}<\/script>\n<!-- \/ Yoast SEO plugin. -->","yoast_head_json":{"title":"Legal policy","description":"Legal policy","robots":{"index":"index","follow":"follow","max-snippet":"max-snippet:-1","max-image-preview":"max-image-preview:large","max-video-preview":"max-video-preview:-1"},"canonical":"https:\/\/metalaym.com\/en\/legal-policy\/","og_locale":"en_US","og_type":"article","og_title":"Legal policy","og_description":"Legal policy","og_url":"https:\/\/metalaym.com\/en\/legal-policy\/","og_site_name":"Metalaym","article_modified_time":"2019-02-25T17:52:27+00:00","twitter_card":"summary_large_image","twitter_misc":{"Est. reading time":"7 minutes"},"schema":{"@context":"https:\/\/schema.org","@graph":[{"@type":"WebPage","@id":"https:\/\/metalaym.com\/en\/legal-policy\/","url":"https:\/\/metalaym.com\/en\/legal-policy\/","name":"Legal policy","isPartOf":{"@id":"https:\/\/metalaym.com\/#website"},"datePublished":"2017-10-09T09:20:36+00:00","dateModified":"2019-02-25T17:52:27+00:00","description":"Legal policy","breadcrumb":{"@id":"https:\/\/metalaym.com\/en\/legal-policy\/#breadcrumb"},"inLanguage":"en-US","potentialAction":[{"@type":"ReadAction","target":["https:\/\/metalaym.com\/en\/legal-policy\/"]}]},{"@type":"BreadcrumbList","@id":"https:\/\/metalaym.com\/en\/legal-policy\/#breadcrumb","itemListElement":[{"@type":"ListItem","position":1,"name":"Inici","item":"https:\/\/metalaym.com\/en\/"},{"@type":"ListItem","position":2,"name":"Legal policy"}]},{"@type":"WebSite","@id":"https:\/\/metalaym.com\/#website","url":"https:\/\/metalaym.com\/","name":"Metalaym","description":"Transformaci\u00f3 met\u00e0l\u00b7lica amb ferro i inox","potentialAction":[{"@type":"SearchAction","target":{"@type":"EntryPoint","urlTemplate":"https:\/\/metalaym.com\/?s={search_term_string}"},"query-input":{"@type":"PropertyValueSpecification","valueRequired":true,"valueName":"search_term_string"}}],"inLanguage":"en-US"}]}},"_links":{"self":[{"href":"https:\/\/metalaym.com\/en\/wp-json\/wp\/v2\/pages\/11827","targetHints":{"allow":["GET"]}}],"collection":[{"href":"https:\/\/metalaym.com\/en\/wp-json\/wp\/v2\/pages"}],"about":[{"href":"https:\/\/metalaym.com\/en\/wp-json\/wp\/v2\/types\/page"}],"author":[{"embeddable":true,"href":"https:\/\/metalaym.com\/en\/wp-json\/wp\/v2\/users\/1"}],"replies":[{"embeddable":true,"href":"https:\/\/metalaym.com\/en\/wp-json\/wp\/v2\/comments?post=11827"}],"version-history":[{"count":2,"href":"https:\/\/metalaym.com\/en\/wp-json\/wp\/v2\/pages\/11827\/revisions"}],"predecessor-version":[{"id":11829,"href":"https:\/\/metalaym.com\/en\/wp-json\/wp\/v2\/pages\/11827\/revisions\/11829"}],"wp:attachment":[{"href":"https:\/\/metalaym.com\/en\/wp-json\/wp\/v2\/media?parent=11827"}],"curies":[{"name":"wp","href":"https:\/\/api.w.org\/{rel}","templated":true}]}}