{"id":11950,"date":"2018-12-13T15:49:28","date_gmt":"2018-12-13T14:49:28","guid":{"rendered":"http:\/\/metalaym.com\/es\/empresa-metalaym\/"},"modified":"2024-03-21T16:17:14","modified_gmt":"2024-03-21T15:17:14","slug":"empresa-metalaym-2","status":"publish","type":"page","link":"https:\/\/metalaym.com\/es\/empresa-metalaym-2\/","title":{"rendered":"Empresa"},"content":{"rendered":"<div class=\"wpb-content-wrapper\"><p>[vc_row][vc_column css_animation=\u00bbnone\u00bb width=\u00bb1\/3&#8243;][vc_column_text css_animation=\u00bbtop-to-bottom\u00bb css=\u00bb.vc_custom_1710930318398{padding-bottom: 32px !important;}\u00bb el_class=\u00bbanimated-slow-2&#8243;]<img loading=\"lazy\" decoding=\"async\" class=\"alignnone wp-image-12840 size-full\" src=\"https:\/\/metalaym.com\/wp-content\/uploads\/2024\/02\/prsentacio-1024x685.png\" alt=\"\" width=\"1024\" height=\"685\" srcset=\"https:\/\/metalaym.com\/wp-content\/uploads\/2024\/02\/prsentacio-1024x685.png 1024w, https:\/\/metalaym.com\/wp-content\/uploads\/2024\/02\/prsentacio-1024x685-300x201.png 300w, https:\/\/metalaym.com\/wp-content\/uploads\/2024\/02\/prsentacio-1024x685-768x514.png 768w\" sizes=\"auto, (max-width: 1024px) 100vw, 1024px\" \/><\/p>\n<h3 style=\"padding: 0px 52px 0px 10px; text-align: right;\"><a href=\"http:\/\/metalaym.com\/es\/presentacion\/\">Presentaci\u00f3n<\/a><\/h3>\n<p style=\"padding: 0px 52px 0px 10px; text-align: right;\"><a href=\"http:\/\/metalaym.com\/es\/presentacion\/\">APLICACIONES METALAYM es una empresa metal\u00fargica dedicada al <strong><br \/>\ndise\u00f1o y fabricaci\u00f3n de equipos y componentes industriales de gran complejidad.<\/strong><\/a><\/p>\n<p>[\/vc_column_text][\/vc_column][vc_column width=\u00bb1\/3&#8243;][vc_column_text css_animation=\u00bbbottom-to-top\u00bb css=\u00bb.vc_custom_1710930725567{padding-bottom: 56px !important;}\u00bb el_class=\u00bbanimated-slow-2&#8243;]<img loading=\"lazy\" decoding=\"async\" class=\"wp-image-12844 size-full alignnone\" src=\"https:\/\/metalaym.com\/wp-content\/uploads\/2024\/02\/empresaB-1024x685.png\" alt=\"\" width=\"1024\" height=\"685\" srcset=\"https:\/\/metalaym.com\/wp-content\/uploads\/2024\/02\/empresaB-1024x685.png 1024w, https:\/\/metalaym.com\/wp-content\/uploads\/2024\/02\/empresaB-1024x685-300x201.png 300w, https:\/\/metalaym.com\/wp-content\/uploads\/2024\/02\/empresaB-1024x685-768x514.png 768w\" sizes=\"auto, (max-width: 1024px) 100vw, 1024px\" \/><\/p>\n<h3 style=\"padding: 0px 52px 0px 10px; text-align: right;\"><a href=\"http:\/\/metalaym.com\/es\/filosofia-y-valores-corporativos\/\">Filosof\u00eda y Valores corporativos<\/a><\/h3>\n<p style=\"padding: 0px 52px 0px 10px; text-align: right;\"><a href=\"http:\/\/metalaym.com\/es\/filosofia-y-valores-corporativos\/\">Ofrecemos a nuestros clientes productos y servicios de calidad, \u00fanicos y competitivos. Aplicamos una metodolog\u00eda de trabajo basada en la filosof\u00eda <strong>Lean management.<\/strong><\/a><\/p>\n<p>[\/vc_column_text][\/vc_column][vc_column width=\u00bb1\/3&#8243;][vc_column_text css_animation=\u00bbtop-to-bottom\u00bb css=\u00bb.vc_custom_1710930783568{padding-bottom: 32px !important;}\u00bb el_class=\u00bbanimated-slow-2&#8243;]<img loading=\"lazy\" decoding=\"async\" class=\"alignnone wp-image-12845 size-full\" src=\"https:\/\/metalaym.com\/wp-content\/uploads\/2024\/02\/historia-1024x685.png\" alt=\"\" width=\"1024\" height=\"685\" srcset=\"https:\/\/metalaym.com\/wp-content\/uploads\/2024\/02\/historia-1024x685.png 1024w, https:\/\/metalaym.com\/wp-content\/uploads\/2024\/02\/historia-1024x685-300x201.png 300w, https:\/\/metalaym.com\/wp-content\/uploads\/2024\/02\/historia-1024x685-768x514.png 768w\" sizes=\"auto, (max-width: 1024px) 100vw, 1024px\" \/><\/p>\n<h3 style=\"padding: 0px 52px 0px 10px; text-align: right;\"><a href=\"http:\/\/metalaym.com\/es\/historia\/\">Historia<\/a><\/h3>\n<p style=\"padding: 0px 52px 0px 10px; text-align: right;\"><a href=\"http:\/\/metalaym.com\/es\/historia\/\">La empresa fundada en 2003 por Xavier Ayats Poch en unas instalaciones de 100 m<sup>2<\/sup> en la peque\u00f1a localidad de Santa Llogaia del Terri fue un gran reto tanto profesional como personal.<\/a><\/p>\n<p>[\/vc_column_text][\/vc_column][\/vc_row][vc_row css=\u00bb.vc_custom_1544778762817{margin-bottom: 80px !important;}\u00bb][vc_column width=\u00bb1\/3&#8243;][vc_column_text css_animation=\u00bbtop-to-bottom\u00bb css=\u00bb.vc_custom_1711034225031{padding-bottom: 32px !important;}\u00bb el_class=\u00bbanimated-slow-2&#8243;]<img loading=\"lazy\" decoding=\"async\" class=\"alignnone wp-image-12846 size-full\" src=\"https:\/\/metalaym.com\/wp-content\/uploads\/2024\/02\/departaments-1024x685.png\" alt=\"\" width=\"1024\" height=\"685\" srcset=\"https:\/\/metalaym.com\/wp-content\/uploads\/2024\/02\/departaments-1024x685.png 1024w, https:\/\/metalaym.com\/wp-content\/uploads\/2024\/02\/departaments-1024x685-300x201.png 300w, https:\/\/metalaym.com\/wp-content\/uploads\/2024\/02\/departaments-1024x685-768x514.png 768w\" sizes=\"auto, (max-width: 1024px) 100vw, 1024px\" \/><\/p>\n<h3 style=\"padding: 0 10px 0 52px;\"><a href=\"http:\/\/metalaym.com\/es\/departamentos\/\">Departamentos<\/a><\/h3>\n<p style=\"padding: 0 10px 0 52px;\"><a href=\"http:\/\/metalaym.com\/es\/departamentos\/\">Gracias a nuestro departamento t\u00e9cnico ofrecemos desde el dise\u00f1o integral hecho a medida para cualquier proyecto industrial hasta la descomposici\u00f3n de todos los elementos necesarios para poder llevar a cabo la fabricaci\u00f3n del mismo.<\/a><\/p>\n<p>[\/vc_column_text][\/vc_column][vc_column width=\u00bb1\/3&#8243;][vc_column_text css_animation=\u00bbbottom-to-top\u00bb css=\u00bb.vc_custom_1710930925954{padding-bottom: 55px !important;}\u00bb el_class=\u00bbanimated-slow-4&#8243;]<img loading=\"lazy\" decoding=\"async\" class=\"alignnone wp-image-12847 size-full\" src=\"https:\/\/metalaym.com\/wp-content\/uploads\/2024\/02\/instalacions-1024x685.png\" alt=\"\" width=\"1024\" height=\"685\" srcset=\"https:\/\/metalaym.com\/wp-content\/uploads\/2024\/02\/instalacions-1024x685.png 1024w, https:\/\/metalaym.com\/wp-content\/uploads\/2024\/02\/instalacions-1024x685-300x201.png 300w, https:\/\/metalaym.com\/wp-content\/uploads\/2024\/02\/instalacions-1024x685-768x514.png 768w\" sizes=\"auto, (max-width: 1024px) 100vw, 1024px\" \/><\/p>\n<h3 style=\"padding: 0 10px 0 52px;\"><a href=\"http:\/\/metalaym.com\/es\/instalaciones\/\">Instalaciones<\/a><\/h3>\n<p style=\"padding: 0 10px 0 52px;\"><a href=\"http:\/\/metalaym.com\/es\/instalaciones\/\">Situados en Palol de Revardit, nuestra nave ocupa una superficie total de m\u00e1s de 5.000m<sup>2<\/sup>.<br \/>\nEn ella se encuentran nuestras oficinas y el espacio destinado a la fabricaci\u00f3n, as\u00ed como el \u00e1rea de log\u00edstica<\/a>.<\/p>\n<p>[\/vc_column_text][\/vc_column][vc_column width=\u00bb1\/3&#8243;][vc_empty_space][vc_column_text css_animation=\u00bbright-to-left\u00bb el_class=\u00bbanimated-slow-2&#8243;]<\/p>\n<h1 style=\"text-align: left;\"><span style=\"color: #10285d;\">TRANSFORMAMOS<br \/>\nE\u00a0INNOVAMOS<\/span><\/h1>\n<p>[\/vc_column_text][\/vc_column][\/vc_row]<\/p>\n<\/div>","protected":false},"excerpt":{"rendered":"<p>[vc_row][vc_column css_animation=\u00bbnone\u00bb width=\u00bb1\/3&#8243;][vc_column_text css_animation=\u00bbtop-to-bottom\u00bb css=\u00bb.vc_custom_1710930318398{padding-bottom: 32px !important;}\u00bb el_class=\u00bbanimated-slow-2&#8243;] Presentaci\u00f3n APLICACIONES METALAYM es una empresa metal\u00fargica dedicada al dise\u00f1o y fabricaci\u00f3n de equipos y componentes industriales de gran complejidad. [\/vc_column_text][\/vc_column][vc_column width=\u00bb1\/3&#8243;][vc_column_text css_animation=\u00bbbottom-to-top\u00bb css=\u00bb.vc_custom_1710930725567{padding-bottom: 56px !important;}\u00bb el_class=\u00bbanimated-slow-2&#8243;] Filosof\u00eda y Valores corporativos Ofrecemos a nuestros clientes productos y servicios de calidad, \u00fanicos y competitivos. Aplicamos una metodolog\u00eda de&hellip;<\/p>\n","protected":false},"author":1,"featured_media":0,"parent":0,"menu_order":0,"comment_status":"closed","ping_status":"closed","template":"fullwidth.php","meta":{"footnotes":""},"class_list":["post-11950","page","type-page","status-publish","hentry"],"yoast_head":"<!-- This site is optimized with the Yoast SEO plugin v25.3 - https:\/\/yoast.com\/wordpress\/plugins\/seo\/ -->\n<title>APLICACIONS METALAYM SL, \u00e9s una empresa metal\u00b7l\u00fargica<\/title>\n<meta name=\"description\" content=\"APLICACIONS METALAYM \u00e9s una empresa metal\u00b7l\u00fargica dedicada al disseny i fabricaci\u00f3 d\u2019equips i components industrials de gran complexitat.\" \/>\n<meta name=\"robots\" content=\"index, follow, max-snippet:-1, max-image-preview:large, max-video-preview:-1\" \/>\n<link rel=\"canonical\" href=\"https:\/\/metalaym.com\/es\/empresa-metalaym-2\/\" \/>\n<meta property=\"og:locale\" content=\"es_ES\" \/>\n<meta property=\"og:type\" content=\"article\" \/>\n<meta property=\"og:title\" content=\"APLICACIONS METALAYM SL, \u00e9s una empresa metal\u00b7l\u00fargica\" \/>\n<meta property=\"og:description\" content=\"APLICACIONS METALAYM \u00e9s una empresa metal\u00b7l\u00fargica dedicada al disseny i fabricaci\u00f3 d\u2019equips i components industrials de gran complexitat.\" \/>\n<meta property=\"og:url\" content=\"https:\/\/metalaym.com\/es\/empresa-metalaym-2\/\" \/>\n<meta property=\"og:site_name\" content=\"Metalaym\" \/>\n<meta property=\"article:modified_time\" content=\"2024-03-21T15:17:14+00:00\" \/>\n<meta property=\"og:image\" content=\"https:\/\/metalaym.com\/wp-content\/uploads\/2024\/02\/prsentacio-1024x685.png\" \/>\n<meta name=\"twitter:card\" content=\"summary_large_image\" \/>\n<meta name=\"twitter:label1\" content=\"Tiempo de lectura\" \/>\n\t<meta name=\"twitter:data1\" content=\"2 minutos\" \/>\n<script type=\"application\/ld+json\" class=\"yoast-schema-graph\">{\"@context\":\"https:\/\/schema.org\",\"@graph\":[{\"@type\":\"WebPage\",\"@id\":\"https:\/\/metalaym.com\/es\/empresa-metalaym-2\/\",\"url\":\"https:\/\/metalaym.com\/es\/empresa-metalaym-2\/\",\"name\":\"APLICACIONS METALAYM SL, \u00e9s una empresa metal\u00b7l\u00fargica\",\"isPartOf\":{\"@id\":\"https:\/\/metalaym.com\/#website\"},\"primaryImageOfPage\":{\"@id\":\"https:\/\/metalaym.com\/es\/empresa-metalaym-2\/#primaryimage\"},\"image\":{\"@id\":\"https:\/\/metalaym.com\/es\/empresa-metalaym-2\/#primaryimage\"},\"thumbnailUrl\":\"https:\/\/metalaym.com\/wp-content\/uploads\/2024\/02\/prsentacio-1024x685.png\",\"datePublished\":\"2018-12-13T14:49:28+00:00\",\"dateModified\":\"2024-03-21T15:17:14+00:00\",\"description\":\"APLICACIONS METALAYM \u00e9s una empresa metal\u00b7l\u00fargica dedicada al disseny i fabricaci\u00f3 d\u2019equips i components industrials de gran complexitat.\",\"breadcrumb\":{\"@id\":\"https:\/\/metalaym.com\/es\/empresa-metalaym-2\/#breadcrumb\"},\"inLanguage\":\"es\",\"potentialAction\":[{\"@type\":\"ReadAction\",\"target\":[\"https:\/\/metalaym.com\/es\/empresa-metalaym-2\/\"]}]},{\"@type\":\"ImageObject\",\"inLanguage\":\"es\",\"@id\":\"https:\/\/metalaym.com\/es\/empresa-metalaym-2\/#primaryimage\",\"url\":\"https:\/\/metalaym.com\/wp-content\/uploads\/2024\/02\/prsentacio-1024x685.png\",\"contentUrl\":\"https:\/\/metalaym.com\/wp-content\/uploads\/2024\/02\/prsentacio-1024x685.png\"},{\"@type\":\"BreadcrumbList\",\"@id\":\"https:\/\/metalaym.com\/es\/empresa-metalaym-2\/#breadcrumb\",\"itemListElement\":[{\"@type\":\"ListItem\",\"position\":1,\"name\":\"Inici\",\"item\":\"https:\/\/metalaym.com\/es\/\"},{\"@type\":\"ListItem\",\"position\":2,\"name\":\"Empresa\"}]},{\"@type\":\"WebSite\",\"@id\":\"https:\/\/metalaym.com\/#website\",\"url\":\"https:\/\/metalaym.com\/\",\"name\":\"Metalaym\",\"description\":\"Transformaci\u00f3 met\u00e0l\u00b7lica amb ferro i inox\",\"potentialAction\":[{\"@type\":\"SearchAction\",\"target\":{\"@type\":\"EntryPoint\",\"urlTemplate\":\"https:\/\/metalaym.com\/?s={search_term_string}\"},\"query-input\":{\"@type\":\"PropertyValueSpecification\",\"valueRequired\":true,\"valueName\":\"search_term_string\"}}],\"inLanguage\":\"es\"}]}<\/script>\n<!-- \/ Yoast SEO plugin. -->","yoast_head_json":{"title":"APLICACIONS METALAYM SL, \u00e9s una empresa metal\u00b7l\u00fargica","description":"APLICACIONS METALAYM \u00e9s una empresa metal\u00b7l\u00fargica dedicada al disseny i fabricaci\u00f3 d\u2019equips i components industrials de gran complexitat.","robots":{"index":"index","follow":"follow","max-snippet":"max-snippet:-1","max-image-preview":"max-image-preview:large","max-video-preview":"max-video-preview:-1"},"canonical":"https:\/\/metalaym.com\/es\/empresa-metalaym-2\/","og_locale":"es_ES","og_type":"article","og_title":"APLICACIONS METALAYM SL, \u00e9s una empresa metal\u00b7l\u00fargica","og_description":"APLICACIONS METALAYM \u00e9s una empresa metal\u00b7l\u00fargica dedicada al disseny i fabricaci\u00f3 d\u2019equips i components industrials de gran complexitat.","og_url":"https:\/\/metalaym.com\/es\/empresa-metalaym-2\/","og_site_name":"Metalaym","article_modified_time":"2024-03-21T15:17:14+00:00","og_image":[{"url":"https:\/\/metalaym.com\/wp-content\/uploads\/2024\/02\/prsentacio-1024x685.png","type":"","width":"","height":""}],"twitter_card":"summary_large_image","twitter_misc":{"Tiempo de lectura":"2 minutos"},"schema":{"@context":"https:\/\/schema.org","@graph":[{"@type":"WebPage","@id":"https:\/\/metalaym.com\/es\/empresa-metalaym-2\/","url":"https:\/\/metalaym.com\/es\/empresa-metalaym-2\/","name":"APLICACIONS METALAYM SL, \u00e9s una empresa metal\u00b7l\u00fargica","isPartOf":{"@id":"https:\/\/metalaym.com\/#website"},"primaryImageOfPage":{"@id":"https:\/\/metalaym.com\/es\/empresa-metalaym-2\/#primaryimage"},"image":{"@id":"https:\/\/metalaym.com\/es\/empresa-metalaym-2\/#primaryimage"},"thumbnailUrl":"https:\/\/metalaym.com\/wp-content\/uploads\/2024\/02\/prsentacio-1024x685.png","datePublished":"2018-12-13T14:49:28+00:00","dateModified":"2024-03-21T15:17:14+00:00","description":"APLICACIONS METALAYM \u00e9s una empresa metal\u00b7l\u00fargica dedicada al disseny i fabricaci\u00f3 d\u2019equips i components industrials de gran complexitat.","breadcrumb":{"@id":"https:\/\/metalaym.com\/es\/empresa-metalaym-2\/#breadcrumb"},"inLanguage":"es","potentialAction":[{"@type":"ReadAction","target":["https:\/\/metalaym.com\/es\/empresa-metalaym-2\/"]}]},{"@type":"ImageObject","inLanguage":"es","@id":"https:\/\/metalaym.com\/es\/empresa-metalaym-2\/#primaryimage","url":"https:\/\/metalaym.com\/wp-content\/uploads\/2024\/02\/prsentacio-1024x685.png","contentUrl":"https:\/\/metalaym.com\/wp-content\/uploads\/2024\/02\/prsentacio-1024x685.png"},{"@type":"BreadcrumbList","@id":"https:\/\/metalaym.com\/es\/empresa-metalaym-2\/#breadcrumb","itemListElement":[{"@type":"ListItem","position":1,"name":"Inici","item":"https:\/\/metalaym.com\/es\/"},{"@type":"ListItem","position":2,"name":"Empresa"}]},{"@type":"WebSite","@id":"https:\/\/metalaym.com\/#website","url":"https:\/\/metalaym.com\/","name":"Metalaym","description":"Transformaci\u00f3 met\u00e0l\u00b7lica amb ferro i inox","potentialAction":[{"@type":"SearchAction","target":{"@type":"EntryPoint","urlTemplate":"https:\/\/metalaym.com\/?s={search_term_string}"},"query-input":{"@type":"PropertyValueSpecification","valueRequired":true,"valueName":"search_term_string"}}],"inLanguage":"es"}]}},"_links":{"self":[{"href":"https:\/\/metalaym.com\/es\/wp-json\/wp\/v2\/pages\/11950","targetHints":{"allow":["GET"]}}],"collection":[{"href":"https:\/\/metalaym.com\/es\/wp-json\/wp\/v2\/pages"}],"about":[{"href":"https:\/\/metalaym.com\/es\/wp-json\/wp\/v2\/types\/page"}],"author":[{"embeddable":true,"href":"https:\/\/metalaym.com\/es\/wp-json\/wp\/v2\/users\/1"}],"replies":[{"embeddable":true,"href":"https:\/\/metalaym.com\/es\/wp-json\/wp\/v2\/comments?post=11950"}],"version-history":[{"count":14,"href":"https:\/\/metalaym.com\/es\/wp-json\/wp\/v2\/pages\/11950\/revisions"}],"predecessor-version":[{"id":13027,"href":"https:\/\/metalaym.com\/es\/wp-json\/wp\/v2\/pages\/11950\/revisions\/13027"}],"wp:attachment":[{"href":"https:\/\/metalaym.com\/es\/wp-json\/wp\/v2\/media?parent=11950"}],"curies":[{"name":"wp","href":"https:\/\/api.w.org\/{rel}","templated":true}]}}