{"id":11991,"date":"2018-09-27T12:07:21","date_gmt":"2018-09-27T11:07:21","guid":{"rendered":"http:\/\/metalaym.com\/es\/politica-privacitat\/"},"modified":"2019-03-06T11:42:52","modified_gmt":"2019-03-06T10:42:52","slug":"politica-privacidad","status":"publish","type":"page","link":"https:\/\/metalaym.com\/es\/politica-privacidad\/","title":{"rendered":"Pol\u00edtica de privacidad"},"content":{"rendered":"<div class=\"wpb-content-wrapper\"><p>[vc_row css=\u00bb.vc_custom_1507541007434{margin-top: 60px !important;}\u00bb][vc_column css=\u00bb.vc_custom_1507540970948{padding-bottom: 60px !important;}\u00bb][section_header main_heading=\u00bbPol\u00edtica de privacidad\u00bb text_align=\u00bbleft\u00bb font_size=\u00bbcustom\u00bb custom_font_size=\u00bb20&#8243; font_weight=\u00bbnormal\u00bb use_multi_color=\u00bb0&#8243;][vc_column_text]APLICACIONES METALAYM, S.L. a trav\u00e9s de su web www.metalaym.com solicita al Usuario ciertos datos de car\u00e1cter personal. Los datos suministrados por el Usuario quedar\u00e1n incorporados a un fichero automatizado de datos de car\u00e1cter personal, titularidad de APLICACIONES METALAYM, S.L. el cual ser\u00e1 procesado con el fin de prestar los servicios solicitados por el Usuario. El usuario autoriza el tratamiento automatizado de los datos personales suministrados, necesarios para la prestaci\u00f3n de los servicios pactados.<\/p>\n<p>La informaci\u00f3n personal recabada de los clientes registrados se almacena en una base de datos propiedad de APLICACIONES METALAYM, SL, que asume las medidas de \u00edndole t\u00e9cnica, organizativa y de seguridad que garanticen la confidencialidad e integridad de la informaci\u00f3n de acuerdo con lo establece el Reglamento de protecci\u00f3n de datos de car\u00e1cter personal, y dem\u00e1s legislaci\u00f3n aplicable.<\/p>\n<p>APLICACIONES METALAYM, S.L., a trav\u00e9s de su web, utilizar\u00e1 los datos suministrados por el Usuario de manera interna para dar a conocer al Usuario ofertas y promociones que pudiera considerar de inter\u00e9s para el mismo.<\/p>\n<p>APLICACIONES METALAYM, S.L., a trav\u00e9s de su web, utilizar\u00e1 cookies cuando el Usuario navegue por la web site de www.metalaym.com. Las cookies se asocian \u00fanicamente con un Usuario an\u00f3nimo y su ordenador y no proporcionan referencias que permitan deducir el nombre y apellidos del Usuario. Gracias a las cookies, resulta posible que se reconozca a los Usuarios registrados despu\u00e9s de que \u00e9stos se hayan registrado por primera vez, sin que tengan que registrarse en cada visita para acceder a las \u00e1reas y servicios reservados exclusivamente a ellos. El Usuario tiene la opci\u00f3n de impedir la generaci\u00f3n de cookies, mediante la selecci\u00f3n de la correspondiente opci\u00f3n en su programa navegador.<\/p>\n<p>Cualquier usuario registrado puede en cualquier momento ejercer el derecho a acceder, rectificar, suprimir, limitar, oponerse, exigir la portabilidad y, en su caso, cancelar el consentimiento de sus datos de car\u00e1cter personal suministrados en la web www.metalaym .com, mediante comunicaci\u00f3n escrita dirigida a aPLICACIONES METALAYM, SL, C \/ Roble, 3 -17843 Palol de Revardit- GIRONA &#8211; ESPA\u00d1A. Esta comunicaci\u00f3n tambi\u00e9n podr\u00e1 realizarse mediante el env\u00edo de un correo electr\u00f3nico a la direcci\u00f3n: <a href=\"mailto:alicia@metalaym.com\">alicia@metalaym.com<\/a><\/p>\n<p>Datos identificativos del responsable:<\/p>\n<p>APLICACIONS METALAYM, S.L. C \/ Roure, 3 -17.843 Palol de Revardit &#8211; GIRONA &#8211; SPAIN[\/vc_column_text][\/vc_column][\/vc_row]<\/p>\n<\/div>","protected":false},"excerpt":{"rendered":"<p>[vc_row css=\u00bb.vc_custom_1507541007434{margin-top: 60px !important;}\u00bb][vc_column css=\u00bb.vc_custom_1507540970948{padding-bottom: 60px !important;}\u00bb][section_header main_heading=\u00bbPol\u00edtica de privacidad\u00bb text_align=\u00bbleft\u00bb font_size=\u00bbcustom\u00bb custom_font_size=\u00bb20&#8243; font_weight=\u00bbnormal\u00bb use_multi_color=\u00bb0&#8243;][vc_column_text]APLICACIONES METALAYM, S.L. a trav\u00e9s de su web www.metalaym.com solicita al Usuario ciertos datos de car\u00e1cter personal. Los datos suministrados por el Usuario quedar\u00e1n incorporados a un fichero automatizado de datos de car\u00e1cter personal, titularidad de APLICACIONES METALAYM, S.L. el cual&hellip;<\/p>\n","protected":false},"author":1,"featured_media":0,"parent":0,"menu_order":0,"comment_status":"closed","ping_status":"closed","template":"fullwidth.php","meta":{"footnotes":""},"class_list":["post-11991","page","type-page","status-publish","hentry"],"yoast_head":"<!-- This site is optimized with the Yoast SEO plugin v25.3 - https:\/\/yoast.com\/wordpress\/plugins\/seo\/ -->\n<title>Metalaym, av\u00eds legal<\/title>\n<meta name=\"description\" content=\"Metalaym, av\u00eds legal\" \/>\n<meta name=\"robots\" content=\"index, follow, max-snippet:-1, max-image-preview:large, max-video-preview:-1\" \/>\n<link rel=\"canonical\" href=\"https:\/\/metalaym.com\/es\/politica-privacidad\/\" \/>\n<meta property=\"og:locale\" content=\"es_ES\" \/>\n<meta property=\"og:type\" content=\"article\" \/>\n<meta property=\"og:title\" content=\"Metalaym, av\u00eds legal\" \/>\n<meta property=\"og:description\" content=\"Metalaym, av\u00eds legal\" \/>\n<meta property=\"og:url\" content=\"https:\/\/metalaym.com\/es\/politica-privacidad\/\" \/>\n<meta property=\"og:site_name\" content=\"Metalaym\" \/>\n<meta property=\"article:modified_time\" content=\"2019-03-06T10:42:52+00:00\" \/>\n<meta name=\"twitter:card\" content=\"summary_large_image\" \/>\n<meta name=\"twitter:label1\" content=\"Tiempo de lectura\" \/>\n\t<meta name=\"twitter:data1\" content=\"2 minutos\" \/>\n<script type=\"application\/ld+json\" class=\"yoast-schema-graph\">{\"@context\":\"https:\/\/schema.org\",\"@graph\":[{\"@type\":\"WebPage\",\"@id\":\"https:\/\/metalaym.com\/es\/politica-privacidad\/\",\"url\":\"https:\/\/metalaym.com\/es\/politica-privacidad\/\",\"name\":\"Metalaym, av\u00eds legal\",\"isPartOf\":{\"@id\":\"https:\/\/metalaym.com\/#website\"},\"datePublished\":\"2018-09-27T11:07:21+00:00\",\"dateModified\":\"2019-03-06T10:42:52+00:00\",\"description\":\"Metalaym, av\u00eds legal\",\"breadcrumb\":{\"@id\":\"https:\/\/metalaym.com\/es\/politica-privacidad\/#breadcrumb\"},\"inLanguage\":\"es\",\"potentialAction\":[{\"@type\":\"ReadAction\",\"target\":[\"https:\/\/metalaym.com\/es\/politica-privacidad\/\"]}]},{\"@type\":\"BreadcrumbList\",\"@id\":\"https:\/\/metalaym.com\/es\/politica-privacidad\/#breadcrumb\",\"itemListElement\":[{\"@type\":\"ListItem\",\"position\":1,\"name\":\"Inici\",\"item\":\"https:\/\/metalaym.com\/es\/\"},{\"@type\":\"ListItem\",\"position\":2,\"name\":\"Pol\u00edtica de privacidad\"}]},{\"@type\":\"WebSite\",\"@id\":\"https:\/\/metalaym.com\/#website\",\"url\":\"https:\/\/metalaym.com\/\",\"name\":\"Metalaym\",\"description\":\"Transformaci\u00f3 met\u00e0l\u00b7lica amb ferro i inox\",\"potentialAction\":[{\"@type\":\"SearchAction\",\"target\":{\"@type\":\"EntryPoint\",\"urlTemplate\":\"https:\/\/metalaym.com\/?s={search_term_string}\"},\"query-input\":{\"@type\":\"PropertyValueSpecification\",\"valueRequired\":true,\"valueName\":\"search_term_string\"}}],\"inLanguage\":\"es\"}]}<\/script>\n<!-- \/ Yoast SEO plugin. -->","yoast_head_json":{"title":"Metalaym, av\u00eds legal","description":"Metalaym, av\u00eds legal","robots":{"index":"index","follow":"follow","max-snippet":"max-snippet:-1","max-image-preview":"max-image-preview:large","max-video-preview":"max-video-preview:-1"},"canonical":"https:\/\/metalaym.com\/es\/politica-privacidad\/","og_locale":"es_ES","og_type":"article","og_title":"Metalaym, av\u00eds legal","og_description":"Metalaym, av\u00eds legal","og_url":"https:\/\/metalaym.com\/es\/politica-privacidad\/","og_site_name":"Metalaym","article_modified_time":"2019-03-06T10:42:52+00:00","twitter_card":"summary_large_image","twitter_misc":{"Tiempo de lectura":"2 minutos"},"schema":{"@context":"https:\/\/schema.org","@graph":[{"@type":"WebPage","@id":"https:\/\/metalaym.com\/es\/politica-privacidad\/","url":"https:\/\/metalaym.com\/es\/politica-privacidad\/","name":"Metalaym, av\u00eds legal","isPartOf":{"@id":"https:\/\/metalaym.com\/#website"},"datePublished":"2018-09-27T11:07:21+00:00","dateModified":"2019-03-06T10:42:52+00:00","description":"Metalaym, av\u00eds legal","breadcrumb":{"@id":"https:\/\/metalaym.com\/es\/politica-privacidad\/#breadcrumb"},"inLanguage":"es","potentialAction":[{"@type":"ReadAction","target":["https:\/\/metalaym.com\/es\/politica-privacidad\/"]}]},{"@type":"BreadcrumbList","@id":"https:\/\/metalaym.com\/es\/politica-privacidad\/#breadcrumb","itemListElement":[{"@type":"ListItem","position":1,"name":"Inici","item":"https:\/\/metalaym.com\/es\/"},{"@type":"ListItem","position":2,"name":"Pol\u00edtica de privacidad"}]},{"@type":"WebSite","@id":"https:\/\/metalaym.com\/#website","url":"https:\/\/metalaym.com\/","name":"Metalaym","description":"Transformaci\u00f3 met\u00e0l\u00b7lica amb ferro i inox","potentialAction":[{"@type":"SearchAction","target":{"@type":"EntryPoint","urlTemplate":"https:\/\/metalaym.com\/?s={search_term_string}"},"query-input":{"@type":"PropertyValueSpecification","valueRequired":true,"valueName":"search_term_string"}}],"inLanguage":"es"}]}},"_links":{"self":[{"href":"https:\/\/metalaym.com\/es\/wp-json\/wp\/v2\/pages\/11991","targetHints":{"allow":["GET"]}}],"collection":[{"href":"https:\/\/metalaym.com\/es\/wp-json\/wp\/v2\/pages"}],"about":[{"href":"https:\/\/metalaym.com\/es\/wp-json\/wp\/v2\/types\/page"}],"author":[{"embeddable":true,"href":"https:\/\/metalaym.com\/es\/wp-json\/wp\/v2\/users\/1"}],"replies":[{"embeddable":true,"href":"https:\/\/metalaym.com\/es\/wp-json\/wp\/v2\/comments?post=11991"}],"version-history":[{"count":2,"href":"https:\/\/metalaym.com\/es\/wp-json\/wp\/v2\/pages\/11991\/revisions"}],"predecessor-version":[{"id":11992,"href":"https:\/\/metalaym.com\/es\/wp-json\/wp\/v2\/pages\/11991\/revisions\/11992"}],"wp:attachment":[{"href":"https:\/\/metalaym.com\/es\/wp-json\/wp\/v2\/media?parent=11991"}],"curies":[{"name":"wp","href":"https:\/\/api.w.org\/{rel}","templated":true}]}}