{"id":11537,"date":"2018-12-14T11:15:37","date_gmt":"2018-12-14T10:15:37","guid":{"rendered":"http:\/\/metalaym.com\/fr\/filosofia-i-valors-corporatius\/"},"modified":"2024-08-30T13:31:50","modified_gmt":"2024-08-30T12:31:50","slug":"philosophie-et-valeurs-de-lentreprise","status":"publish","type":"page","link":"https:\/\/metalaym.com\/fr\/philosophie-et-valeurs-de-lentreprise\/","title":{"rendered":"Philosophie et valeurs de l\u2019entreprise"},"content":{"rendered":"<div class=\"wpb-content-wrapper\"><p>[vc_row equal_height=\u00a0\u00bbyes\u00a0\u00bb][vc_column css_animation=\u00a0\u00bbleft-to-right\u00a0\u00bb width=\u00a0\u00bb1\/2&Prime; css=\u00a0\u00bb.vc_custom_1711036610171{background-image: url(https:\/\/metalaym.com\/wp-content\/uploads\/2018\/12\/millora-continua.jpg?id=12855) !important;background-position: center !important;background-repeat: no-repeat !important;background-size: cover !important;}\u00a0\u00bb][vc_column_text]<\/p>\n<p>&nbsp;<\/p>\n<p>&nbsp;<\/p>\n<p>&nbsp;<\/p>\n<p>&nbsp;<\/p>\n<p>&nbsp;<\/p>\n<p>&nbsp;<\/p>\n<p>&nbsp;<\/p>\n<p>&nbsp;<\/p>\n<p>&nbsp;<\/p>\n<p>&nbsp;<\/p>\n<p>[\/vc_column_text][\/vc_column][vc_column width=\u00a0\u00bb1\/2&Prime;][vc_column_text css_animation=\u00a0\u00bbright-to-left\u00a0\u00bb css=\u00a0\u00bb.vc_custom_1548846371101{margin-right: 40px !important;padding-top: 30px !important;}\u00a0\u00bb]<\/p>\n<h2 style=\"padding-left: 30px;\">Am\u00e9lioration continue<\/h2>\n<hr style=\"padding-left: 30px;\" \/>\n<p style=\"padding-left: 30px;\">Afin de proposer \u00e0 nos clients, des produits et des services de qualit\u00e9, uniques et comp\u00e9titifs, nous appliquons pour toutes nos op\u00e9rations une m\u00e9thode de travail reposant sur le concept de\u00a0<strong>Lean management.<\/strong><\/p>\n<p style=\"padding-left: 30px;\">Notre objectif est d\u2019atteindre la plus grande efficacit\u00e9 de l\u2019ensemble du processus et un produit final de qualit\u00e9 r\u00e9pondant aux exigences de nos clients.<\/p>\n<p style=\"padding-left: 30px;\">Pour ce faire, nous analysons l\u2019ensemble des \u00e9l\u00e9ments qui composent les processus de fabrication et g\u00e9rons les ressources en planifiant soigneusement chaque aspect. Le but est de conf\u00e9rer la meilleure qualit\u00e9 aux produits finaux, et ce, au meilleur co\u00fbt.<\/p>\n<p style=\"padding-left: 30px;\">Le <strong><a href=\"http:\/\/metalaym.com\/fr\/departements\/\">d\u00e9partement Planification et Documentation<\/a> et le <a href=\"http:\/\/metalaym.com\/fr\/departements\/\">d\u00e9partement Contr\u00f4le de qualit\u00e9<\/a><\/strong>, ainsi que le recours \u00e0 des technologies de pointe et l\u2019implication de notre \u00e9quipe au grand complet composent ce processus et permettent de s\u2019adapter \u00e0 tout type de commande.<\/p>\n<p>[\/vc_column_text][\/vc_column][\/vc_row][vc_row][vc_column][vc_empty_space][\/vc_column][\/vc_row][vc_row equal_height=\u00a0\u00bbyes\u00a0\u00bb][vc_column width=\u00a0\u00bb1\/2&Prime; css=\u00a0\u00bb.vc_custom_1544787566779{background-position: center !important;background-repeat: no-repeat !important;background-size: cover !important;}\u00a0\u00bb][vc_column_text css_animation=\u00a0\u00bbleft-to-right\u00a0\u00bb css=\u00a0\u00bb.vc_custom_1549385714864{margin-right: 40px !important;padding-top: 30px !important;}\u00a0\u00bb]<\/p>\n<h2 style=\"padding-left: 30px; text-align: left;\">Le pari de l\u2019innovation<\/h2>\n<hr style=\"padding-left: 30px;\" \/>\n<p style=\"padding-left: 30px; text-align: left;\">L\u2019innovation constitue l\u2019un des fondements de notre culture d\u2019entreprise.<\/p>\n<p style=\"padding-left: 30px; text-align: left;\"><strong>L\u2019investissement technologique permanent <\/strong>dans les syst\u00e8mes de gestion (ERP) ainsi que dans les syst\u00e8mes de production permet d&rsquo;<strong>d\u2019optimiser l\u2019ensemble des proc\u00e9d\u00e9s industriels<\/strong>.<\/p>\n<p style=\"padding-left: 30px; text-align: left;\">Afin de proposer un service plus complet et comp\u00e9titif, nous avons investi dans des <strong>machines de pointe, <a href=\"http:\/\/metalaym.com\/fr\/installations\/\">des installations intelligentes<\/a> et une infrastructure technologique solide.<\/strong><\/p>\n<p style=\"padding-left: 30px; text-align: left;\">Ainsi, nous pouvons r\u00e9pondre aux exigences de nos clients avec rigueur et professionnalisme, en r\u00e9duisant les co\u00fbts de production et en proposant le meilleur rapport qualit\u00e9\/prix pour chaque projet, ainsi que des solutions personnalis\u00e9es correspondant aux demandes du client.<\/p>\n<p>[\/vc_column_text][\/vc_column][vc_column width=\u00a0\u00bb1\/2&Prime; css=\u00a0\u00bb.vc_custom_1711036684474{background-image: url(https:\/\/metalaym.com\/wp-content\/uploads\/2018\/12\/aposta-innovacio.jpg?id=12856) !important;background-position: center !important;background-repeat: no-repeat !important;background-size: cover !important;}\u00a0\u00bb][vc_column_text]<\/p>\n<p>&nbsp;<\/p>\n<p>&nbsp;<\/p>\n<p>&nbsp;<\/p>\n<p>&nbsp;<\/p>\n<p>&nbsp;<\/p>\n<p>&nbsp;<\/p>\n<p>&nbsp;<\/p>\n<p>&nbsp;<\/p>\n<p>[\/vc_column_text][\/vc_column][\/vc_row][vc_row][vc_column][vc_empty_space][\/vc_column][\/vc_row][vc_row equal_height=\u00a0\u00bbyes\u00a0\u00bb][vc_column width=\u00a0\u00bb1\/2&Prime; css=\u00a0\u00bb.vc_custom_1711036725050{background-image: url(https:\/\/metalaym.com\/wp-content\/uploads\/2018\/12\/compromis-qualitat.jpg?id=12857) !important;background-position: center !important;background-repeat: no-repeat !important;background-size: cover !important;}\u00a0\u00bb][vc_column_text]<\/p>\n<p>&nbsp;<\/p>\n<p>&nbsp;<\/p>\n<p>&nbsp;<\/p>\n<p>&nbsp;<\/p>\n<p>&nbsp;<\/p>\n<p>&nbsp;<\/p>\n<p>&nbsp;<\/p>\n<p>&nbsp;<\/p>\n<p>&nbsp;<\/p>\n<p>&nbsp;<\/p>\n<p>&nbsp;<\/p>\n<p>[\/vc_column_text][\/vc_column][vc_column width=\u00a0\u00bb1\/2&Prime;][vc_column_text css_animation=\u00a0\u00bbright-to-left\u00a0\u00bb css=\u00a0\u00bb.vc_custom_1600070722739{margin-right: 40px !important;padding-top: 30px !important;}\u00a0\u00bb]<\/p>\n<h2 style=\"padding-left: 30px;\">L\u2019engagement de la qualit\u00e9<\/h2>\n<hr style=\"padding-left: 30px;\" \/>\n<p style=\"padding-left: 30px;\"><strong>Garantir la meilleure qualit\u00e9 <\/strong>de nos produits et services pour m\u00e9riter la confiance de nos clients et les satisfaire est l\u2019un des autres fondements de notre entreprise.<\/p>\n<p style=\"padding-left: 30px;\">Pendant toutes les \u00e9tapes de production et en r\u00e9ponse aux exigences de chaque projet, les diff\u00e9rents d\u00e9partements de l\u2019entreprise collaborent avec un grand professionnalisme et une extr\u00eame rigueur afin de garantir la qualit\u00e9 du produit final.<\/p>\n<p style=\"padding-left: 30px;\">Les mat\u00e9riels et \u00e9quipements sont produits dans nos installations sous une supervision stricte et un <strong>contr\u00f4le de <\/strong> <strong>qualit\u00e9 du mat\u00e9riau exhaustif<\/strong>.<\/p>\n<p style=\"padding-left: 30px;\">Notre d\u00e9partement Qualit\u00e9 permet d\u2019offrir \u00e0 nos clients, <strong>contr\u00f4les de temp\u00e9rature de la soudure, tests d\u2019\u00e9tanch\u00e9it\u00e9\u00a0<\/strong>certifi\u00e9s, ainsi que des essais de r\u00e9sistance \u00e0 la fracture.<\/p>\n<p style=\"padding-left: 30px;\">Aplicacions Metalaym a des certificacions de qualit\u00e9 en soudage d&rsquo;\u00e9l\u00e9ments m\u00e9talliques soud\u00e9s par fusion (norme<strong> ISO 3834-2<\/strong>) et en soudage d&rsquo;\u00e9l\u00e9ments structurels en acier (<strong>EN 1090-2 EXC3<\/strong>).<\/p>\n<p style=\"padding-left: 30px;\">Notre \u00e9quipe de soudeurs b\u00e9n\u00e9ficie de la <strong>qualification WELDGING conforme \u00e0 la norme ISO 9606-1 <\/strong>pour<strong> soudure MAG et soudure TIG des aciers non alli\u00e9s et aciers inoxydables.<\/strong><\/p>\n<p>[\/vc_column_text][\/vc_column][\/vc_row][vc_row][vc_column][vc_empty_space][\/vc_column][\/vc_row][vc_row equal_height=\u00a0\u00bbyes\u00a0\u00bb][vc_column width=\u00a0\u00bb1\/2&Prime; css=\u00a0\u00bb.vc_custom_1544787566779{background-position: center !important;background-repeat: no-repeat !important;background-size: cover !important;}\u00a0\u00bb][vc_column_text css_animation=\u00a0\u00bbleft-to-right\u00a0\u00bb css=\u00a0\u00bb.vc_custom_1548756169001{margin-right: 40px !important;padding-top: 30px !important;}\u00a0\u00bb]<\/p>\n<h2 style=\"padding-left: 30px; text-align: left;\">Implication et exigence personnelle et professionnelle<\/h2>\n<hr style=\"padding-left: 30px;\" \/>\n<p style=\"padding-left: 30px; text-align: left;\">Aucun projet ne verrait le jour sans l\u2019exp\u00e9rience, l\u2019implication et l\u2019engagement d\u2019une \u00e9quipe de professionnels hautement qualifi\u00e9s qui s\u2019efforce de r\u00e9pondre aux besoins de chaque client.<\/p>\n<p style=\"padding-left: 30px; text-align: left;\">Cette \u00e9quipe dynamique, engag\u00e9e et exigeante s\u2019adapte \u00e0 chaque projet avec s\u00e9rieux et efficacit\u00e9 et travaille sans rel\u00e2che pour offrir le meilleur service au client.<\/p>\n<p style=\"padding-left: 30px; text-align: left;\">Notre parcours et notre exp\u00e9rience professionnelle sont la preuve de notre engagement vis-\u00e0-vis du client sur la base de la confiance et de la volont\u00e9 de proposer des solutions de qualit\u00e9.<\/p>\n<p style=\"padding-left: 30px; text-align: left;\">APLICACIONS METALAYM travaille assid\u00fbment \u00e0 la formation continue de son \u00e9quipe. Celle-ci b\u00e9n\u00e9ficie de formations techniques compl\u00e8tes en interne comme en externe.<\/p>\n<p>[\/vc_column_text][\/vc_column][vc_column width=\u00a0\u00bb1\/2&Prime; css=\u00a0\u00bb.vc_custom_1725021094350{background-image: url(https:\/\/metalaym.com\/wp-content\/uploads\/2018\/12\/metalaym-meeting-room.jpg?id=13084) !important;background-position: center !important;background-repeat: no-repeat !important;background-size: cover !important;}\u00a0\u00bb][vc_column_text]<\/p>\n<p>&nbsp;<\/p>\n<p>&nbsp;<\/p>\n<p>&nbsp;<\/p>\n<p>&nbsp;<\/p>\n<p>&nbsp;<\/p>\n<p>&nbsp;<\/p>\n<p>&nbsp;<\/p>\n<p>&nbsp;<\/p>\n<p>[\/vc_column_text][\/vc_column][\/vc_row][vc_row][vc_column][vc_empty_space][\/vc_column][\/vc_row][vc_row equal_height=\u00a0\u00bbyes\u00a0\u00bb css=\u00a0\u00bb.vc_custom_1711036852713{margin-bottom: 80px !important;}\u00a0\u00bb][vc_column width=\u00a0\u00bb1\/2&Prime; css=\u00a0\u00bb.vc_custom_1544787836174{background-image: url(http:\/\/metalaym.com\/wp-content\/uploads\/2017\/06\/DSCF5652.jpg?id=10722) !important;background-position: center !important;background-repeat: no-repeat !important;background-size: cover !important;}\u00a0\u00bb][vc_column_text]<\/p>\n<p>&nbsp;<\/p>\n<p>&nbsp;<\/p>\n<p>&nbsp;<\/p>\n<p>&nbsp;<\/p>\n<p>&nbsp;<\/p>\n<p>[\/vc_column_text][\/vc_column][vc_column width=\u00a0\u00bb1\/2&Prime; css=\u00a0\u00bb.vc_custom_1544787566779{background-position: center !important;background-repeat: no-repeat !important;background-size: cover !important;}\u00a0\u00bb][vc_column_text css_animation=\u00a0\u00bbright-to-left\u00a0\u00bb css=\u00a0\u00bb.vc_custom_1548756236242{margin-right: 40px !important;padding-top: 30px !important;}\u00a0\u00bb]<\/p>\n<h2 style=\"padding-left: 30px;\">Politique d\u2019exclusivit\u00e9 et confidentialit\u00e9<\/h2>\n<hr style=\"padding-left: 30px;\" \/>\n<p style=\"padding-left: 30px;\">APLICACIONS METALAYM s\u2019est donn\u00e9 comme r\u00e8gle de respecter une politique d\u2019exclusivit\u00e9 et de confidentialit\u00e9 \u00e0 l\u2019\u00e9gard de ses clients dans le respect absolu du projet en cours.<\/p>\n<p>[\/vc_column_text][\/vc_column][\/vc_row]<\/p>\n<\/div>","protected":false},"excerpt":{"rendered":"<p>[vc_row equal_height=\u00a0\u00bbyes\u00a0\u00bb][vc_column css_animation=\u00a0\u00bbleft-to-right\u00a0\u00bb width=\u00a0\u00bb1\/2&Prime; css=\u00a0\u00bb.vc_custom_1711036610171{background-image: url(https:\/\/metalaym.com\/wp-content\/uploads\/2018\/12\/millora-continua.jpg?id=12855) !important;background-position: center !important;background-repeat: no-repeat !important;background-size: cover !important;}\u00a0\u00bb][vc_column_text] &nbsp; &nbsp; &nbsp; &nbsp; &nbsp; &nbsp; &nbsp; &nbsp; &nbsp; &nbsp; [\/vc_column_text][\/vc_column][vc_column width=\u00a0\u00bb1\/2&Prime;][vc_column_text css_animation=\u00a0\u00bbright-to-left\u00a0\u00bb css=\u00a0\u00bb.vc_custom_1548846371101{margin-right: 40px !important;padding-top: 30px !important;}\u00a0\u00bb] Am\u00e9lioration continue Afin de proposer \u00e0 nos clients, des produits et des services de qualit\u00e9, uniques et comp\u00e9titifs, nous appliquons pour toutes nos op\u00e9rations&hellip;<\/p>\n","protected":false},"author":1,"featured_media":0,"parent":0,"menu_order":0,"comment_status":"closed","ping_status":"closed","template":"fullwidth.php","meta":{"footnotes":""},"class_list":["post-11537","page","type-page","status-publish","hentry"],"yoast_head":"<!-- This site is optimized with the Yoast SEO plugin v25.3 - https:\/\/yoast.com\/wordpress\/plugins\/seo\/ -->\n<title>m\u00e9thode de travail reposant sur le concept de Lean management.<\/title>\n<meta name=\"description\" content=\"nous appliquons pour toutes nos op\u00e9rations une m\u00e9thode de travail reposant sur le concept de Lean management. L&#039;objectif est d\u2019atteindre la plus efficacit\u00e9.\" \/>\n<meta name=\"robots\" content=\"index, follow, max-snippet:-1, max-image-preview:large, max-video-preview:-1\" \/>\n<link rel=\"canonical\" href=\"https:\/\/metalaym.com\/fr\/philosophie-et-valeurs-de-lentreprise\/\" \/>\n<meta property=\"og:locale\" content=\"fr_FR\" \/>\n<meta property=\"og:type\" content=\"article\" \/>\n<meta property=\"og:title\" content=\"m\u00e9thode de travail reposant sur le concept de Lean management.\" \/>\n<meta property=\"og:description\" content=\"nous appliquons pour toutes nos op\u00e9rations une m\u00e9thode de travail reposant sur le concept de Lean management. L&#039;objectif est d\u2019atteindre la plus efficacit\u00e9.\" \/>\n<meta property=\"og:url\" content=\"https:\/\/metalaym.com\/fr\/philosophie-et-valeurs-de-lentreprise\/\" \/>\n<meta property=\"og:site_name\" content=\"Metalaym\" \/>\n<meta property=\"article:modified_time\" content=\"2024-08-30T12:31:50+00:00\" \/>\n<meta name=\"twitter:card\" content=\"summary_large_image\" \/>\n<meta name=\"twitter:label1\" content=\"Dur\u00e9e de lecture estim\u00e9e\" \/>\n\t<meta name=\"twitter:data1\" content=\"5 minutes\" \/>\n<script type=\"application\/ld+json\" class=\"yoast-schema-graph\">{\"@context\":\"https:\/\/schema.org\",\"@graph\":[{\"@type\":\"WebPage\",\"@id\":\"https:\/\/metalaym.com\/fr\/philosophie-et-valeurs-de-lentreprise\/\",\"url\":\"https:\/\/metalaym.com\/fr\/philosophie-et-valeurs-de-lentreprise\/\",\"name\":\"m\u00e9thode de travail reposant sur le concept de Lean management.\",\"isPartOf\":{\"@id\":\"https:\/\/metalaym.com\/#website\"},\"datePublished\":\"2018-12-14T10:15:37+00:00\",\"dateModified\":\"2024-08-30T12:31:50+00:00\",\"description\":\"nous appliquons pour toutes nos op\u00e9rations une m\u00e9thode de travail reposant sur le concept de Lean management. L'objectif est d\u2019atteindre la plus efficacit\u00e9.\",\"breadcrumb\":{\"@id\":\"https:\/\/metalaym.com\/fr\/philosophie-et-valeurs-de-lentreprise\/#breadcrumb\"},\"inLanguage\":\"fr-FR\",\"potentialAction\":[{\"@type\":\"ReadAction\",\"target\":[\"https:\/\/metalaym.com\/fr\/philosophie-et-valeurs-de-lentreprise\/\"]}]},{\"@type\":\"BreadcrumbList\",\"@id\":\"https:\/\/metalaym.com\/fr\/philosophie-et-valeurs-de-lentreprise\/#breadcrumb\",\"itemListElement\":[{\"@type\":\"ListItem\",\"position\":1,\"name\":\"Inici\",\"item\":\"https:\/\/metalaym.com\/fr\/\"},{\"@type\":\"ListItem\",\"position\":2,\"name\":\"Philosophie et valeurs de l\u2019entreprise\"}]},{\"@type\":\"WebSite\",\"@id\":\"https:\/\/metalaym.com\/#website\",\"url\":\"https:\/\/metalaym.com\/\",\"name\":\"Metalaym\",\"description\":\"Transformaci\u00f3 met\u00e0l\u00b7lica amb ferro i inox\",\"potentialAction\":[{\"@type\":\"SearchAction\",\"target\":{\"@type\":\"EntryPoint\",\"urlTemplate\":\"https:\/\/metalaym.com\/?s={search_term_string}\"},\"query-input\":{\"@type\":\"PropertyValueSpecification\",\"valueRequired\":true,\"valueName\":\"search_term_string\"}}],\"inLanguage\":\"fr-FR\"}]}<\/script>\n<!-- \/ Yoast SEO plugin. -->","yoast_head_json":{"title":"m\u00e9thode de travail reposant sur le concept de Lean management.","description":"nous appliquons pour toutes nos op\u00e9rations une m\u00e9thode de travail reposant sur le concept de Lean management. L'objectif est d\u2019atteindre la plus efficacit\u00e9.","robots":{"index":"index","follow":"follow","max-snippet":"max-snippet:-1","max-image-preview":"max-image-preview:large","max-video-preview":"max-video-preview:-1"},"canonical":"https:\/\/metalaym.com\/fr\/philosophie-et-valeurs-de-lentreprise\/","og_locale":"fr_FR","og_type":"article","og_title":"m\u00e9thode de travail reposant sur le concept de Lean management.","og_description":"nous appliquons pour toutes nos op\u00e9rations une m\u00e9thode de travail reposant sur le concept de Lean management. L'objectif est d\u2019atteindre la plus efficacit\u00e9.","og_url":"https:\/\/metalaym.com\/fr\/philosophie-et-valeurs-de-lentreprise\/","og_site_name":"Metalaym","article_modified_time":"2024-08-30T12:31:50+00:00","twitter_card":"summary_large_image","twitter_misc":{"Dur\u00e9e de lecture estim\u00e9e":"5 minutes"},"schema":{"@context":"https:\/\/schema.org","@graph":[{"@type":"WebPage","@id":"https:\/\/metalaym.com\/fr\/philosophie-et-valeurs-de-lentreprise\/","url":"https:\/\/metalaym.com\/fr\/philosophie-et-valeurs-de-lentreprise\/","name":"m\u00e9thode de travail reposant sur le concept de Lean management.","isPartOf":{"@id":"https:\/\/metalaym.com\/#website"},"datePublished":"2018-12-14T10:15:37+00:00","dateModified":"2024-08-30T12:31:50+00:00","description":"nous appliquons pour toutes nos op\u00e9rations une m\u00e9thode de travail reposant sur le concept de Lean management. L'objectif est d\u2019atteindre la plus efficacit\u00e9.","breadcrumb":{"@id":"https:\/\/metalaym.com\/fr\/philosophie-et-valeurs-de-lentreprise\/#breadcrumb"},"inLanguage":"fr-FR","potentialAction":[{"@type":"ReadAction","target":["https:\/\/metalaym.com\/fr\/philosophie-et-valeurs-de-lentreprise\/"]}]},{"@type":"BreadcrumbList","@id":"https:\/\/metalaym.com\/fr\/philosophie-et-valeurs-de-lentreprise\/#breadcrumb","itemListElement":[{"@type":"ListItem","position":1,"name":"Inici","item":"https:\/\/metalaym.com\/fr\/"},{"@type":"ListItem","position":2,"name":"Philosophie et valeurs de l\u2019entreprise"}]},{"@type":"WebSite","@id":"https:\/\/metalaym.com\/#website","url":"https:\/\/metalaym.com\/","name":"Metalaym","description":"Transformaci\u00f3 met\u00e0l\u00b7lica amb ferro i inox","potentialAction":[{"@type":"SearchAction","target":{"@type":"EntryPoint","urlTemplate":"https:\/\/metalaym.com\/?s={search_term_string}"},"query-input":{"@type":"PropertyValueSpecification","valueRequired":true,"valueName":"search_term_string"}}],"inLanguage":"fr-FR"}]}},"_links":{"self":[{"href":"https:\/\/metalaym.com\/fr\/wp-json\/wp\/v2\/pages\/11537","targetHints":{"allow":["GET"]}}],"collection":[{"href":"https:\/\/metalaym.com\/fr\/wp-json\/wp\/v2\/pages"}],"about":[{"href":"https:\/\/metalaym.com\/fr\/wp-json\/wp\/v2\/types\/page"}],"author":[{"embeddable":true,"href":"https:\/\/metalaym.com\/fr\/wp-json\/wp\/v2\/users\/1"}],"replies":[{"embeddable":true,"href":"https:\/\/metalaym.com\/fr\/wp-json\/wp\/v2\/comments?post=11537"}],"version-history":[{"count":9,"href":"https:\/\/metalaym.com\/fr\/wp-json\/wp\/v2\/pages\/11537\/revisions"}],"predecessor-version":[{"id":13129,"href":"https:\/\/metalaym.com\/fr\/wp-json\/wp\/v2\/pages\/11537\/revisions\/13129"}],"wp:attachment":[{"href":"https:\/\/metalaym.com\/fr\/wp-json\/wp\/v2\/media?parent=11537"}],"curies":[{"name":"wp","href":"https:\/\/api.w.org\/{rel}","templated":true}]}}