{"id":11543,"date":"2018-12-14T12:50:56","date_gmt":"2018-12-14T11:50:56","guid":{"rendered":"http:\/\/metalaym.com\/fr\/departaments\/"},"modified":"2024-03-21T17:25:21","modified_gmt":"2024-03-21T16:25:21","slug":"departements","status":"publish","type":"page","link":"https:\/\/metalaym.com\/fr\/departements\/","title":{"rendered":"D\u00e9partements"},"content":{"rendered":"<div class=\"wpb-content-wrapper\"><p>[vc_row equal_height=\u00a0\u00bbyes\u00a0\u00bb][vc_column width=\u00a0\u00bb1\/3&Prime;][vc_empty_space height=\u00a0\u00bb30px\u00a0\u00bb][section_header main_heading=\u00a0\u00bbIng\u00e9nierie\u00a0\u00bb text_align=\u00a0\u00bbright\u00a0\u00bb font_size=\u00a0\u00bbcustom\u00a0\u00bb custom_font_size=\u00a0\u00bb26&Prime; use_multi_color=\u00a0\u00bb0&Prime; color=\u00a0\u00bb#000000&Prime; spy=\u00a0\u00bbuk-animation-fade\u00a0\u00bb scroll_delay=\u00a0\u00bb1000&Prime;][\/vc_column][vc_column width=\u00a0\u00bb2\/3&Prime; css=\u00a0\u00bb.vc_custom_1544788311947{background-position: center !important;background-repeat: no-repeat !important;background-size: cover !important;}\u00a0\u00bb][vc_column_text css_animation=\u00a0\u00bbright-to-left\u00a0\u00bb css=\u00a0\u00bb.vc_custom_1548757350519{padding-top: 40px !important;}\u00a0\u00bb]Notre bureau d\u2019\u00e9tudes propose une conception compl\u00e8te sur mesure de chaque projet industriel et d\u00e9compose tous les \u00e9l\u00e9ments n\u00e9cessaires \u00e0 la mise en \u0153uvre de ce projet.<\/p>\n<p>Les projets peuvent \u00eatre d\u00e9velopp\u00e9s et r\u00e9alis\u00e9s dans l\u2019entreprise ou uniquement con\u00e7us.[\/vc_column_text][\/vc_column][\/vc_row][vc_row equal_height=\u00a0\u00bbyes\u00a0\u00bb][vc_column width=\u00a0\u00bb1\/3&Prime;][\/vc_column][vc_column width=\u00a0\u00bb2\/3&Prime; css=\u00a0\u00bb.vc_custom_1544788311947{background-position: center !important;background-repeat: no-repeat !important;background-size: cover !important;}\u00a0\u00bb][vc_row_inner][vc_column_inner][vc_single_image image=\u00a0\u00bb12862&Prime; img_size=\u00a0\u00bbfull\u00a0\u00bb css_animation=\u00a0\u00bbtop-to-bottom\u00a0\u00bb][\/vc_column_inner][\/vc_row_inner][\/vc_column][\/vc_row][vc_row equal_height=\u00a0\u00bbyes\u00a0\u00bb][vc_column width=\u00a0\u00bb1\/3&Prime;][vc_empty_space height=\u00a0\u00bb30px\u00a0\u00bb][section_header main_heading=\u00a0\u00bbPlanification et Documentation\u00a0\u00bb text_align=\u00a0\u00bbright\u00a0\u00bb font_size=\u00a0\u00bbcustom\u00a0\u00bb custom_font_size=\u00a0\u00bb26&Prime; use_multi_color=\u00a0\u00bb0&Prime; color=\u00a0\u00bb#000000&Prime; spy=\u00a0\u00bbuk-animation-fade\u00a0\u00bb scroll_delay=\u00a0\u00bb1000&Prime;][\/vc_column][vc_column width=\u00a0\u00bb2\/3&Prime; css=\u00a0\u00bb.vc_custom_1544788311947{background-position: center !important;background-repeat: no-repeat !important;background-size: cover !important;}\u00a0\u00bb][vc_column_text css_animation=\u00a0\u00bbright-to-left\u00a0\u00bb css=\u00a0\u00bb.vc_custom_1548757462790{padding-top: 40px !important;}\u00a0\u00bb]Notre <strong>d\u00e9partement Planification et Documentation <\/strong>se charge de l\u2019ensemble des op\u00e9rations de production.<\/p>\n<p>Notre logiciel ERP permet de contr\u00f4ler l\u2019achat et la gestion de tous les mat\u00e9riaux qui composent un projet ainsi que la capacit\u00e9 de production. Nous r\u00e9alisons un suivi exhaustif du processus de fabrication allant jusqu\u2019\u00e0 la v\u00e9rification in situ de chaque op\u00e9ration interm\u00e9diaire ou finale souhait\u00e9e par le client. Nous pouvons donc <strong>garantir la certification de la tra\u00e7abilit\u00e9<\/strong> et la bonne gestion de la livraison des commandes.[\/vc_column_text][\/vc_column][\/vc_row][vc_row equal_height=\u00a0\u00bbyes\u00a0\u00bb][vc_column width=\u00a0\u00bb1\/3&Prime;][\/vc_column][vc_column width=\u00a0\u00bb2\/3&Prime; css=\u00a0\u00bb.vc_custom_1544788311947{background-position: center !important;background-repeat: no-repeat !important;background-size: cover !important;}\u00a0\u00bb][vc_row_inner][vc_column_inner][vc_single_image image=\u00a0\u00bb12863&Prime; img_size=\u00a0\u00bbfull\u00a0\u00bb css_animation=\u00a0\u00bbtop-to-bottom\u00a0\u00bb][\/vc_column_inner][\/vc_row_inner][\/vc_column][\/vc_row][vc_row equal_height=\u00a0\u00bbyes\u00a0\u00bb][vc_column width=\u00a0\u00bb1\/3&Prime;][vc_empty_space height=\u00a0\u00bb30px\u00a0\u00bb][section_header main_heading=\u00a0\u00bbD\u00e9partement Qualit\u00e9\u00a0\u00bb text_align=\u00a0\u00bbright\u00a0\u00bb font_size=\u00a0\u00bbcustom\u00a0\u00bb custom_font_size=\u00a0\u00bb26&Prime; use_multi_color=\u00a0\u00bb0&Prime; color=\u00a0\u00bb#000000&Prime; spy=\u00a0\u00bbuk-animation-fade\u00a0\u00bb scroll_delay=\u00a0\u00bb1000&Prime;][\/vc_column][vc_column width=\u00a0\u00bb2\/3&Prime; css=\u00a0\u00bb.vc_custom_1544788311947{background-position: center !important;background-repeat: no-repeat !important;background-size: cover !important;}\u00a0\u00bb][vc_column_text css_animation=\u00a0\u00bbright-to-left\u00a0\u00bb css=\u00a0\u00bb.vc_custom_1548757508429{padding-top: 40px !important;}\u00a0\u00bb]Notre d\u00e9partement Qualit\u00e9 supervise toutes les op\u00e9rations afin de garantir la qualit\u00e9 irr\u00e9prochable de nos produits et services.[\/vc_column_text][\/vc_column][\/vc_row][vc_row equal_height=\u00a0\u00bbyes\u00a0\u00bb css=\u00a0\u00bb.vc_custom_1544790512119{margin-bottom: 60px !important;}\u00a0\u00bb][vc_column width=\u00a0\u00bb1\/3&Prime;][\/vc_column][vc_column width=\u00a0\u00bb2\/3&Prime; css=\u00a0\u00bb.vc_custom_1544788311947{background-position: center !important;background-repeat: no-repeat !important;background-size: cover !important;}\u00a0\u00bb][vc_single_image image=\u00a0\u00bb12864&Prime; img_size=\u00a0\u00bbfull\u00a0\u00bb css_animation=\u00a0\u00bbtop-to-bottom\u00a0\u00bb][\/vc_column][\/vc_row]<\/p>\n<\/div>","protected":false},"excerpt":{"rendered":"<p>[vc_row equal_height=\u00a0\u00bbyes\u00a0\u00bb][vc_column width=\u00a0\u00bb1\/3&Prime;][vc_empty_space height=\u00a0\u00bb30px\u00a0\u00bb][section_header main_heading=\u00a0\u00bbIng\u00e9nierie\u00a0\u00bb text_align=\u00a0\u00bbright\u00a0\u00bb font_size=\u00a0\u00bbcustom\u00a0\u00bb custom_font_size=\u00a0\u00bb26&Prime; use_multi_color=\u00a0\u00bb0&Prime; color=\u00a0\u00bb#000000&Prime; spy=\u00a0\u00bbuk-animation-fade\u00a0\u00bb scroll_delay=\u00a0\u00bb1000&Prime;][\/vc_column][vc_column width=\u00a0\u00bb2\/3&Prime; css=\u00a0\u00bb.vc_custom_1544788311947{background-position: center !important;background-repeat: no-repeat !important;background-size: cover !important;}\u00a0\u00bb][vc_column_text css_animation=\u00a0\u00bbright-to-left\u00a0\u00bb css=\u00a0\u00bb.vc_custom_1548757350519{padding-top: 40px !important;}\u00a0\u00bb]Notre bureau d\u2019\u00e9tudes propose une conception compl\u00e8te sur mesure de chaque projet industriel et d\u00e9compose tous les \u00e9l\u00e9ments n\u00e9cessaires \u00e0 la mise en \u0153uvre de ce projet. Les projets peuvent \u00eatre d\u00e9velopp\u00e9s&hellip;<\/p>\n","protected":false},"author":1,"featured_media":0,"parent":0,"menu_order":0,"comment_status":"closed","ping_status":"closed","template":"fullwidth.php","meta":{"footnotes":""},"class_list":["post-11543","page","type-page","status-publish","hentry"],"yoast_head":"<!-- This site is optimized with the Yoast SEO plugin v25.3 - https:\/\/yoast.com\/wordpress\/plugins\/seo\/ -->\n<title>Notre bureau d\u2019\u00e9tudes propose une conception compl\u00e8te<\/title>\n<meta name=\"description\" content=\"Notre bureau d\u2019\u00e9tudes propose une conception compl\u00e8te sur mesure de chaque projet industriel et d\u00e9compose tous les \u00e9l\u00e9ments \u00e0 la mise en \u0153uvre de ce projet.\" \/>\n<meta name=\"robots\" content=\"index, follow, max-snippet:-1, max-image-preview:large, max-video-preview:-1\" \/>\n<link rel=\"canonical\" href=\"https:\/\/metalaym.com\/fr\/departements\/\" \/>\n<meta property=\"og:locale\" content=\"fr_FR\" \/>\n<meta property=\"og:type\" content=\"article\" \/>\n<meta property=\"og:title\" content=\"Notre bureau d\u2019\u00e9tudes propose une conception compl\u00e8te\" \/>\n<meta property=\"og:description\" content=\"Notre bureau d\u2019\u00e9tudes propose une conception compl\u00e8te sur mesure de chaque projet industriel et d\u00e9compose tous les \u00e9l\u00e9ments \u00e0 la mise en \u0153uvre de ce projet.\" \/>\n<meta property=\"og:url\" content=\"https:\/\/metalaym.com\/fr\/departements\/\" \/>\n<meta property=\"og:site_name\" content=\"Metalaym\" \/>\n<meta property=\"article:modified_time\" content=\"2024-03-21T16:25:21+00:00\" \/>\n<meta name=\"twitter:card\" content=\"summary_large_image\" \/>\n<meta name=\"twitter:label1\" content=\"Dur\u00e9e de lecture estim\u00e9e\" \/>\n\t<meta name=\"twitter:data1\" content=\"3 minutes\" \/>\n<script type=\"application\/ld+json\" class=\"yoast-schema-graph\">{\"@context\":\"https:\/\/schema.org\",\"@graph\":[{\"@type\":\"WebPage\",\"@id\":\"https:\/\/metalaym.com\/fr\/departements\/\",\"url\":\"https:\/\/metalaym.com\/fr\/departements\/\",\"name\":\"Notre bureau d\u2019\u00e9tudes propose une conception compl\u00e8te\",\"isPartOf\":{\"@id\":\"https:\/\/metalaym.com\/#website\"},\"datePublished\":\"2018-12-14T11:50:56+00:00\",\"dateModified\":\"2024-03-21T16:25:21+00:00\",\"description\":\"Notre bureau d\u2019\u00e9tudes propose une conception compl\u00e8te sur mesure de chaque projet industriel et d\u00e9compose tous les \u00e9l\u00e9ments \u00e0 la mise en \u0153uvre de ce projet.\",\"breadcrumb\":{\"@id\":\"https:\/\/metalaym.com\/fr\/departements\/#breadcrumb\"},\"inLanguage\":\"fr-FR\",\"potentialAction\":[{\"@type\":\"ReadAction\",\"target\":[\"https:\/\/metalaym.com\/fr\/departements\/\"]}]},{\"@type\":\"BreadcrumbList\",\"@id\":\"https:\/\/metalaym.com\/fr\/departements\/#breadcrumb\",\"itemListElement\":[{\"@type\":\"ListItem\",\"position\":1,\"name\":\"Inici\",\"item\":\"https:\/\/metalaym.com\/fr\/\"},{\"@type\":\"ListItem\",\"position\":2,\"name\":\"D\u00e9partements\"}]},{\"@type\":\"WebSite\",\"@id\":\"https:\/\/metalaym.com\/#website\",\"url\":\"https:\/\/metalaym.com\/\",\"name\":\"Metalaym\",\"description\":\"Transformaci\u00f3 met\u00e0l\u00b7lica amb ferro i inox\",\"potentialAction\":[{\"@type\":\"SearchAction\",\"target\":{\"@type\":\"EntryPoint\",\"urlTemplate\":\"https:\/\/metalaym.com\/?s={search_term_string}\"},\"query-input\":{\"@type\":\"PropertyValueSpecification\",\"valueRequired\":true,\"valueName\":\"search_term_string\"}}],\"inLanguage\":\"fr-FR\"}]}<\/script>\n<!-- \/ Yoast SEO plugin. -->","yoast_head_json":{"title":"Notre bureau d\u2019\u00e9tudes propose une conception compl\u00e8te","description":"Notre bureau d\u2019\u00e9tudes propose une conception compl\u00e8te sur mesure de chaque projet industriel et d\u00e9compose tous les \u00e9l\u00e9ments \u00e0 la mise en \u0153uvre de ce projet.","robots":{"index":"index","follow":"follow","max-snippet":"max-snippet:-1","max-image-preview":"max-image-preview:large","max-video-preview":"max-video-preview:-1"},"canonical":"https:\/\/metalaym.com\/fr\/departements\/","og_locale":"fr_FR","og_type":"article","og_title":"Notre bureau d\u2019\u00e9tudes propose une conception compl\u00e8te","og_description":"Notre bureau d\u2019\u00e9tudes propose une conception compl\u00e8te sur mesure de chaque projet industriel et d\u00e9compose tous les \u00e9l\u00e9ments \u00e0 la mise en \u0153uvre de ce projet.","og_url":"https:\/\/metalaym.com\/fr\/departements\/","og_site_name":"Metalaym","article_modified_time":"2024-03-21T16:25:21+00:00","twitter_card":"summary_large_image","twitter_misc":{"Dur\u00e9e de lecture estim\u00e9e":"3 minutes"},"schema":{"@context":"https:\/\/schema.org","@graph":[{"@type":"WebPage","@id":"https:\/\/metalaym.com\/fr\/departements\/","url":"https:\/\/metalaym.com\/fr\/departements\/","name":"Notre bureau d\u2019\u00e9tudes propose une conception compl\u00e8te","isPartOf":{"@id":"https:\/\/metalaym.com\/#website"},"datePublished":"2018-12-14T11:50:56+00:00","dateModified":"2024-03-21T16:25:21+00:00","description":"Notre bureau d\u2019\u00e9tudes propose une conception compl\u00e8te sur mesure de chaque projet industriel et d\u00e9compose tous les \u00e9l\u00e9ments \u00e0 la mise en \u0153uvre de ce projet.","breadcrumb":{"@id":"https:\/\/metalaym.com\/fr\/departements\/#breadcrumb"},"inLanguage":"fr-FR","potentialAction":[{"@type":"ReadAction","target":["https:\/\/metalaym.com\/fr\/departements\/"]}]},{"@type":"BreadcrumbList","@id":"https:\/\/metalaym.com\/fr\/departements\/#breadcrumb","itemListElement":[{"@type":"ListItem","position":1,"name":"Inici","item":"https:\/\/metalaym.com\/fr\/"},{"@type":"ListItem","position":2,"name":"D\u00e9partements"}]},{"@type":"WebSite","@id":"https:\/\/metalaym.com\/#website","url":"https:\/\/metalaym.com\/","name":"Metalaym","description":"Transformaci\u00f3 met\u00e0l\u00b7lica amb ferro i inox","potentialAction":[{"@type":"SearchAction","target":{"@type":"EntryPoint","urlTemplate":"https:\/\/metalaym.com\/?s={search_term_string}"},"query-input":{"@type":"PropertyValueSpecification","valueRequired":true,"valueName":"search_term_string"}}],"inLanguage":"fr-FR"}]}},"_links":{"self":[{"href":"https:\/\/metalaym.com\/fr\/wp-json\/wp\/v2\/pages\/11543","targetHints":{"allow":["GET"]}}],"collection":[{"href":"https:\/\/metalaym.com\/fr\/wp-json\/wp\/v2\/pages"}],"about":[{"href":"https:\/\/metalaym.com\/fr\/wp-json\/wp\/v2\/types\/page"}],"author":[{"embeddable":true,"href":"https:\/\/metalaym.com\/fr\/wp-json\/wp\/v2\/users\/1"}],"replies":[{"embeddable":true,"href":"https:\/\/metalaym.com\/fr\/wp-json\/wp\/v2\/comments?post=11543"}],"version-history":[{"count":3,"href":"https:\/\/metalaym.com\/fr\/wp-json\/wp\/v2\/pages\/11543\/revisions"}],"predecessor-version":[{"id":13039,"href":"https:\/\/metalaym.com\/fr\/wp-json\/wp\/v2\/pages\/11543\/revisions\/13039"}],"wp:attachment":[{"href":"https:\/\/metalaym.com\/fr\/wp-json\/wp\/v2\/media?parent=11543"}],"curies":[{"name":"wp","href":"https:\/\/api.w.org\/{rel}","templated":true}]}}