{"id":11554,"date":"2018-12-17T10:48:01","date_gmt":"2018-12-17T09:48:01","guid":{"rendered":"http:\/\/metalaym.com\/fr\/serveis-metalaym\/"},"modified":"2024-03-28T11:57:42","modified_gmt":"2024-03-28T10:57:42","slug":"services-metalaym","status":"publish","type":"page","link":"https:\/\/metalaym.com\/fr\/services-metalaym\/","title":{"rendered":"Services"},"content":{"rendered":"<div class=\"wpb-content-wrapper\"><p>[vc_row][vc_column][vc_column_text css_animation=\u00a0\u00bbtop-to-bottom\u00a0\u00bb]APLICACIONS METALAYM propose diff\u00e9rents services et solutions sur mesure pour la r\u00e9alisation de tout projet industriel.<\/p>\n<p>De la conception \u00e0 l\u2019ex\u00e9cution en passant par leur d\u00e9veloppement, l\u2019ensemble des op\u00e9rations de production et de fabrication des \u00e9quipements et des \u00e9l\u00e9ments subit un contr\u00f4le de qualit\u00e9 strict jusqu\u2019\u00e0 la livraison chez le client.[\/vc_column_text][vc_column_text css_animation=\u00a0\u00bbtop-to-bottom\u00a0\u00bb css=\u00a0\u00bb.vc_custom_1548758562792{padding-bottom: 30px !important;}\u00a0\u00bb]<\/p>\n<h1 style=\"text-align: center;\"><span style=\"color: #10285d;\">FLEXIBILIT\u00c9: SERVICES ET SOLUTIONS \u00c0 LA TAILLE <\/span><\/h1>\n<p>[\/vc_column_text][\/vc_column][\/vc_row][vc_row][vc_column width=\u00a0\u00bb1\/4&Prime;][vc_column_text css_animation=\u00a0\u00bbtop-to-bottom\u00a0\u00bb css=\u00a0\u00bb.vc_custom_1711623364115{padding-bottom: 25px !important;}\u00a0\u00bb]<img loading=\"lazy\" decoding=\"async\" class=\"alignnone wp-image-12975 size-full\" src=\"https:\/\/metalaym.com\/wp-content\/uploads\/2018\/12\/serveis-1.png\" alt=\"\" width=\"1024\" height=\"685\" srcset=\"https:\/\/metalaym.com\/wp-content\/uploads\/2018\/12\/serveis-1.png 1024w, https:\/\/metalaym.com\/wp-content\/uploads\/2018\/12\/serveis-1-300x201.png 300w, https:\/\/metalaym.com\/wp-content\/uploads\/2018\/12\/serveis-1-768x514.png 768w\" sizes=\"auto, (max-width: 1024px) 100vw, 1024px\" \/><\/p>\n<h3 style=\"padding: 0px 30px 0px 20px; text-align: right;\"><a href=\"http:\/\/metalaym.com\/fr\/serveis\/ingenierie-et-conception\/\">Ing\u00e9nierie et conception<\/a><\/h3>\n<p style=\"padding: 0px 30px 0px 20px; text-align: right;\"><a href=\"http:\/\/metalaym.com\/fr\/serveis\/ingenierie-et-conception\/\">Notre bureau d\u2019\u00e9tudes sait r\u00e9pondre \u00e0 tous les besoins : <strong>conception, certification des proc\u00e9d\u00e9s et des mati\u00e8res premi\u00e8res et service externe d\u2019ing\u00e9nierie<\/strong>.<\/a><\/p>\n<p>[\/vc_column_text][\/vc_column][vc_column width=\u00a0\u00bb1\/4&Prime;][vc_column_text css_animation=\u00a0\u00bbbottom-to-top\u00a0\u00bb css=\u00a0\u00bb.vc_custom_1711623386734{padding-bottom: 57px !important;}\u00a0\u00bb]<img loading=\"lazy\" decoding=\"async\" class=\"alignnone wp-image-12976 size-full\" src=\"https:\/\/metalaym.com\/wp-content\/uploads\/2018\/12\/serveis-2.png\" alt=\"\" width=\"1024\" height=\"685\" srcset=\"https:\/\/metalaym.com\/wp-content\/uploads\/2018\/12\/serveis-2.png 1024w, https:\/\/metalaym.com\/wp-content\/uploads\/2018\/12\/serveis-2-300x201.png 300w, https:\/\/metalaym.com\/wp-content\/uploads\/2018\/12\/serveis-2-768x514.png 768w\" sizes=\"auto, (max-width: 1024px) 100vw, 1024px\" \/><\/p>\n<h3 style=\"padding: 0px 30px 0px 20px; text-align: right;\"><a href=\"http:\/\/metalaym.com\/fr\/serveis\/procedes-de-decoupe\/\">Proc\u00e9d\u00e9s de d\u00e9coupe<\/a><\/h3>\n<p style=\"padding: 0px 30px 0px 20px; text-align: right;\"><a href=\"http:\/\/metalaym.com\/fr\/serveis\/procedes-de-decoupe\/\">Nous utilisons des technologies de pointe telles que : <strong>d\u00e9coupe laser, d\u00e9coupe plasma haute d\u00e9finition, oxycoupage et d\u00e9coupe jet d\u2019eau, cisaillage et poin\u00e7onnage.<\/strong><\/a><\/p>\n<p>[\/vc_column_text][\/vc_column][vc_column width=\u00a0\u00bb1\/4&Prime;][vc_column_text css_animation=\u00a0\u00bbtop-to-bottom\u00a0\u00bb css=\u00a0\u00bb.vc_custom_1711623411066{padding-bottom: 47px !important;}\u00a0\u00bb]<img loading=\"lazy\" decoding=\"async\" class=\"alignnone wp-image-12977 size-full\" src=\"https:\/\/metalaym.com\/wp-content\/uploads\/2018\/12\/serveis-3.png\" alt=\"\" width=\"1024\" height=\"685\" srcset=\"https:\/\/metalaym.com\/wp-content\/uploads\/2018\/12\/serveis-3.png 1024w, https:\/\/metalaym.com\/wp-content\/uploads\/2018\/12\/serveis-3-300x201.png 300w, https:\/\/metalaym.com\/wp-content\/uploads\/2018\/12\/serveis-3-768x514.png 768w\" sizes=\"auto, (max-width: 1024px) 100vw, 1024px\" \/><\/p>\n<h3 style=\"padding: 0px 30px 0px 20px; text-align: right;\"><a href=\"http:\/\/metalaym.com\/fr\/serveis\/deformation-de-precision\/\">D\u00e9formation de pr\u00e9cision<\/a><\/h3>\n<p style=\"padding: 0px 30px 0px 20px; text-align: right;\"><a href=\"http:\/\/metalaym.com\/fr\/serveis\/deformation-de-precision\/\">Nous proposons toute sorte de d\u00e9formation de t\u00f4le, \u00e0 la plieuse ou \u00e0 l\u2019aide de cylindres de cintrage automatis\u00e9s : <strong>pliage et cintrage <\/strong>.<\/a><\/p>\n<p>[\/vc_column_text][\/vc_column][vc_column width=\u00a0\u00bb1\/4&Prime;][vc_column_text css_animation=\u00a0\u00bbbottom-to-top\u00a0\u00bb css=\u00a0\u00bb.vc_custom_1711623450736{padding-bottom: 80px !important;}\u00a0\u00bb]<img loading=\"lazy\" decoding=\"async\" class=\"alignnone wp-image-12978 size-full\" src=\"https:\/\/metalaym.com\/wp-content\/uploads\/2018\/12\/serveis-4.png\" alt=\"\" width=\"1024\" height=\"685\" srcset=\"https:\/\/metalaym.com\/wp-content\/uploads\/2018\/12\/serveis-4.png 1024w, https:\/\/metalaym.com\/wp-content\/uploads\/2018\/12\/serveis-4-300x201.png 300w, https:\/\/metalaym.com\/wp-content\/uploads\/2018\/12\/serveis-4-768x514.png 768w\" sizes=\"auto, (max-width: 1024px) 100vw, 1024px\" \/><\/p>\n<h3 style=\"padding: 0px 30px 0px 20px; text-align: right;\"><a href=\"http:\/\/metalaym.com\/fr\/serveis\/soudures\/\">Soudures<\/a><\/h3>\n<p style=\"padding: 0px 30px 0px 20px; text-align: right;\"><a href=\"http:\/\/metalaym.com\/fr\/serveis\/soudures\/\">Plus de 25 box \u00e9quip\u00e9s de postes de soudure et d\u2019\u00e9tablis usin\u00e9s sp\u00e9cialement con\u00e7us : <strong>soudure inoxydable, soudure fer et tests d\u2019\u00e9tanch\u00e9it\u00e9.<\/strong><\/a><\/p>\n<p>[\/vc_column_text][\/vc_column][\/vc_row][vc_row css=\u00a0\u00bb.vc_custom_1544778762817{margin-bottom: 80px !important;}\u00a0\u00bb][vc_column width=\u00a0\u00bb1\/4&Prime;][vc_column_text css_animation=\u00a0\u00bbtop-to-bottom\u00a0\u00bb css=\u00a0\u00bb.vc_custom_1711623229235{padding-bottom: 55px !important;}\u00a0\u00bb]<img loading=\"lazy\" decoding=\"async\" class=\"alignnone wp-image-12980 size-full\" src=\"https:\/\/metalaym.com\/wp-content\/uploads\/2018\/12\/serveis-5.png\" alt=\"\" width=\"1024\" height=\"685\" srcset=\"https:\/\/metalaym.com\/wp-content\/uploads\/2018\/12\/serveis-5.png 1024w, https:\/\/metalaym.com\/wp-content\/uploads\/2018\/12\/serveis-5-300x201.png 300w, https:\/\/metalaym.com\/wp-content\/uploads\/2018\/12\/serveis-5-768x514.png 768w\" sizes=\"auto, (max-width: 1024px) 100vw, 1024px\" \/><\/p>\n<h3 style=\"padding: 0 20px 0 30px;\"><a href=\"http:\/\/metalaym.com\/fr\/serveis\/gamme-de-finitions\/\">Gamme de finitions <\/a><\/h3>\n<p style=\"padding: 0 20px 0 30px;\"><a href=\"http:\/\/metalaym.com\/fr\/serveis\/gamme-de-finitions\/\">La grande vari\u00e9t\u00e9 des machines l\u2019autorise \u00e0 aborder des projets plus complexes en <strong>acier inoxydable, fer et aluminium,<\/strong> en garantissant leur succ\u00e8s.<\/a><\/p>\n<p>[\/vc_column_text][\/vc_column][vc_column width=\u00a0\u00bb1\/4&Prime;][vc_column_text css_animation=\u00a0\u00bbbottom-to-top\u00a0\u00bb css=\u00a0\u00bb.vc_custom_1711623258986{padding-bottom: 55px !important;}\u00a0\u00bb]<img loading=\"lazy\" decoding=\"async\" class=\"alignnone wp-image-12981 size-full\" src=\"https:\/\/metalaym.com\/wp-content\/uploads\/2018\/12\/serveis-6.png\" alt=\"\" width=\"1024\" height=\"685\" srcset=\"https:\/\/metalaym.com\/wp-content\/uploads\/2018\/12\/serveis-6.png 1024w, https:\/\/metalaym.com\/wp-content\/uploads\/2018\/12\/serveis-6-300x201.png 300w, https:\/\/metalaym.com\/wp-content\/uploads\/2018\/12\/serveis-6-768x514.png 768w\" sizes=\"auto, (max-width: 1024px) 100vw, 1024px\" \/><\/p>\n<h3 style=\"padding: 0 20px 0 30px;\"><a href=\"http:\/\/metalaym.com\/fr\/serveis\/controle-de-qualite\/\">Contr\u00f4le de qualit\u00e9<\/a><\/h3>\n<p style=\"padding: 0 20px 0 30px;\"><a href=\"http:\/\/metalaym.com\/fr\/serveis\/controle-de-qualite\/\">APLICACIONS METALAYM garantit un contr\u00f4le de qualit\u00e9 \u00e0 la r\u00e9ception des mati\u00e8res premi\u00e8res et sur le produit final.<\/a><\/p>\n<p>[\/vc_column_text][\/vc_column][vc_column width=\u00a0\u00bb1\/4&Prime;][vc_column_text css_animation=\u00a0\u00bbtop-to-bottom\u00a0\u00bb css=\u00a0\u00bb.vc_custom_1711623288548{padding-bottom: 56px !important;}\u00a0\u00bb]<img loading=\"lazy\" decoding=\"async\" class=\"alignnone wp-image-12982 size-full\" src=\"https:\/\/metalaym.com\/wp-content\/uploads\/2018\/12\/serveis-7.png\" alt=\"\" width=\"1024\" height=\"685\" srcset=\"https:\/\/metalaym.com\/wp-content\/uploads\/2018\/12\/serveis-7.png 1024w, https:\/\/metalaym.com\/wp-content\/uploads\/2018\/12\/serveis-7-300x201.png 300w, https:\/\/metalaym.com\/wp-content\/uploads\/2018\/12\/serveis-7-768x514.png 768w\" sizes=\"auto, (max-width: 1024px) 100vw, 1024px\" \/><\/p>\n<h3 style=\"padding: 0 20px 0 30px;\"><a href=\"http:\/\/metalaym.com\/fr\/serveis\/logistique\/\">Logistique<\/a><\/h3>\n<p style=\"padding: 0 20px 0 30px;\"><a href=\"http:\/\/metalaym.com\/fr\/serveis\/logistique\/\">Toutes les pi\u00e8ces sont transport\u00e9es parfaitement conditionn\u00e9es. Si le client le souhaite, elles peuvent \u00eatre palettis\u00e9es et \u00e9tiquet\u00e9es.<\/a><\/p>\n<p>[\/vc_column_text][\/vc_column][vc_column width=\u00a0\u00bb1\/4&Prime;][\/vc_column][\/vc_row]<\/p>\n<\/div>","protected":false},"excerpt":{"rendered":"<p>[vc_row][vc_column][vc_column_text css_animation=\u00a0\u00bbtop-to-bottom\u00a0\u00bb]APLICACIONS METALAYM propose diff\u00e9rents services et solutions sur mesure pour la r\u00e9alisation de tout projet industriel. De la conception \u00e0 l\u2019ex\u00e9cution en passant par leur d\u00e9veloppement, l\u2019ensemble des op\u00e9rations de production et de fabrication des \u00e9quipements et des \u00e9l\u00e9ments subit un contr\u00f4le de qualit\u00e9 strict jusqu\u2019\u00e0 la livraison chez le client.[\/vc_column_text][vc_column_text css_animation=\u00a0\u00bbtop-to-bottom\u00a0\u00bb css=\u00a0\u00bb.vc_custom_1548758562792{padding-bottom: 30px&hellip;<\/p>\n","protected":false},"author":1,"featured_media":0,"parent":0,"menu_order":0,"comment_status":"closed","ping_status":"closed","template":"fullwidth.php","meta":{"footnotes":""},"class_list":["post-11554","page","type-page","status-publish","hentry"],"yoast_head":"<!-- This site is optimized with the Yoast SEO plugin v25.3 - https:\/\/yoast.com\/wordpress\/plugins\/seo\/ -->\n<title>METALAYM propose diff\u00e9rents services et solutions sur mesure<\/title>\n<meta name=\"description\" content=\"APLICACIONS METALAYM propose diff\u00e9rents services et solutions sur mesure pour la r\u00e9alisation de tout projet industriel. SERVICES ET SOLUTIONS \u00c0 LA TAILLE\" \/>\n<meta name=\"robots\" content=\"index, follow, max-snippet:-1, max-image-preview:large, max-video-preview:-1\" \/>\n<link rel=\"canonical\" href=\"https:\/\/metalaym.com\/fr\/services-metalaym\/\" \/>\n<meta property=\"og:locale\" content=\"fr_FR\" \/>\n<meta property=\"og:type\" content=\"article\" \/>\n<meta property=\"og:title\" content=\"METALAYM propose diff\u00e9rents services et solutions sur mesure\" \/>\n<meta property=\"og:description\" content=\"APLICACIONS METALAYM propose diff\u00e9rents services et solutions sur mesure pour la r\u00e9alisation de tout projet industriel. SERVICES ET SOLUTIONS \u00c0 LA TAILLE\" \/>\n<meta property=\"og:url\" content=\"https:\/\/metalaym.com\/fr\/services-metalaym\/\" \/>\n<meta property=\"og:site_name\" content=\"Metalaym\" \/>\n<meta property=\"article:modified_time\" content=\"2024-03-28T10:57:42+00:00\" \/>\n<meta property=\"og:image\" content=\"https:\/\/metalaym.com\/wp-content\/uploads\/2018\/12\/serveis-1.png\" \/>\n<meta name=\"twitter:card\" content=\"summary_large_image\" \/>\n<meta name=\"twitter:label1\" content=\"Dur\u00e9e de lecture estim\u00e9e\" \/>\n\t<meta name=\"twitter:data1\" content=\"2 minutes\" \/>\n<script type=\"application\/ld+json\" class=\"yoast-schema-graph\">{\"@context\":\"https:\/\/schema.org\",\"@graph\":[{\"@type\":\"WebPage\",\"@id\":\"https:\/\/metalaym.com\/fr\/services-metalaym\/\",\"url\":\"https:\/\/metalaym.com\/fr\/services-metalaym\/\",\"name\":\"METALAYM propose diff\u00e9rents services et solutions sur mesure\",\"isPartOf\":{\"@id\":\"https:\/\/metalaym.com\/#website\"},\"primaryImageOfPage\":{\"@id\":\"https:\/\/metalaym.com\/fr\/services-metalaym\/#primaryimage\"},\"image\":{\"@id\":\"https:\/\/metalaym.com\/fr\/services-metalaym\/#primaryimage\"},\"thumbnailUrl\":\"https:\/\/metalaym.com\/wp-content\/uploads\/2018\/12\/serveis-1.png\",\"datePublished\":\"2018-12-17T09:48:01+00:00\",\"dateModified\":\"2024-03-28T10:57:42+00:00\",\"description\":\"APLICACIONS METALAYM propose diff\u00e9rents services et solutions sur mesure pour la r\u00e9alisation de tout projet industriel. SERVICES ET SOLUTIONS \u00c0 LA TAILLE\",\"breadcrumb\":{\"@id\":\"https:\/\/metalaym.com\/fr\/services-metalaym\/#breadcrumb\"},\"inLanguage\":\"fr-FR\",\"potentialAction\":[{\"@type\":\"ReadAction\",\"target\":[\"https:\/\/metalaym.com\/fr\/services-metalaym\/\"]}]},{\"@type\":\"ImageObject\",\"inLanguage\":\"fr-FR\",\"@id\":\"https:\/\/metalaym.com\/fr\/services-metalaym\/#primaryimage\",\"url\":\"https:\/\/metalaym.com\/wp-content\/uploads\/2018\/12\/serveis-1.png\",\"contentUrl\":\"https:\/\/metalaym.com\/wp-content\/uploads\/2018\/12\/serveis-1.png\"},{\"@type\":\"BreadcrumbList\",\"@id\":\"https:\/\/metalaym.com\/fr\/services-metalaym\/#breadcrumb\",\"itemListElement\":[{\"@type\":\"ListItem\",\"position\":1,\"name\":\"Inici\",\"item\":\"https:\/\/metalaym.com\/fr\/\"},{\"@type\":\"ListItem\",\"position\":2,\"name\":\"Services\"}]},{\"@type\":\"WebSite\",\"@id\":\"https:\/\/metalaym.com\/#website\",\"url\":\"https:\/\/metalaym.com\/\",\"name\":\"Metalaym\",\"description\":\"Transformaci\u00f3 met\u00e0l\u00b7lica amb ferro i inox\",\"potentialAction\":[{\"@type\":\"SearchAction\",\"target\":{\"@type\":\"EntryPoint\",\"urlTemplate\":\"https:\/\/metalaym.com\/?s={search_term_string}\"},\"query-input\":{\"@type\":\"PropertyValueSpecification\",\"valueRequired\":true,\"valueName\":\"search_term_string\"}}],\"inLanguage\":\"fr-FR\"}]}<\/script>\n<!-- \/ Yoast SEO plugin. -->","yoast_head_json":{"title":"METALAYM propose diff\u00e9rents services et solutions sur mesure","description":"APLICACIONS METALAYM propose diff\u00e9rents services et solutions sur mesure pour la r\u00e9alisation de tout projet industriel. SERVICES ET SOLUTIONS \u00c0 LA TAILLE","robots":{"index":"index","follow":"follow","max-snippet":"max-snippet:-1","max-image-preview":"max-image-preview:large","max-video-preview":"max-video-preview:-1"},"canonical":"https:\/\/metalaym.com\/fr\/services-metalaym\/","og_locale":"fr_FR","og_type":"article","og_title":"METALAYM propose diff\u00e9rents services et solutions sur mesure","og_description":"APLICACIONS METALAYM propose diff\u00e9rents services et solutions sur mesure pour la r\u00e9alisation de tout projet industriel. SERVICES ET SOLUTIONS \u00c0 LA TAILLE","og_url":"https:\/\/metalaym.com\/fr\/services-metalaym\/","og_site_name":"Metalaym","article_modified_time":"2024-03-28T10:57:42+00:00","og_image":[{"url":"https:\/\/metalaym.com\/wp-content\/uploads\/2018\/12\/serveis-1.png","type":"","width":"","height":""}],"twitter_card":"summary_large_image","twitter_misc":{"Dur\u00e9e de lecture estim\u00e9e":"2 minutes"},"schema":{"@context":"https:\/\/schema.org","@graph":[{"@type":"WebPage","@id":"https:\/\/metalaym.com\/fr\/services-metalaym\/","url":"https:\/\/metalaym.com\/fr\/services-metalaym\/","name":"METALAYM propose diff\u00e9rents services et solutions sur mesure","isPartOf":{"@id":"https:\/\/metalaym.com\/#website"},"primaryImageOfPage":{"@id":"https:\/\/metalaym.com\/fr\/services-metalaym\/#primaryimage"},"image":{"@id":"https:\/\/metalaym.com\/fr\/services-metalaym\/#primaryimage"},"thumbnailUrl":"https:\/\/metalaym.com\/wp-content\/uploads\/2018\/12\/serveis-1.png","datePublished":"2018-12-17T09:48:01+00:00","dateModified":"2024-03-28T10:57:42+00:00","description":"APLICACIONS METALAYM propose diff\u00e9rents services et solutions sur mesure pour la r\u00e9alisation de tout projet industriel. SERVICES ET SOLUTIONS \u00c0 LA TAILLE","breadcrumb":{"@id":"https:\/\/metalaym.com\/fr\/services-metalaym\/#breadcrumb"},"inLanguage":"fr-FR","potentialAction":[{"@type":"ReadAction","target":["https:\/\/metalaym.com\/fr\/services-metalaym\/"]}]},{"@type":"ImageObject","inLanguage":"fr-FR","@id":"https:\/\/metalaym.com\/fr\/services-metalaym\/#primaryimage","url":"https:\/\/metalaym.com\/wp-content\/uploads\/2018\/12\/serveis-1.png","contentUrl":"https:\/\/metalaym.com\/wp-content\/uploads\/2018\/12\/serveis-1.png"},{"@type":"BreadcrumbList","@id":"https:\/\/metalaym.com\/fr\/services-metalaym\/#breadcrumb","itemListElement":[{"@type":"ListItem","position":1,"name":"Inici","item":"https:\/\/metalaym.com\/fr\/"},{"@type":"ListItem","position":2,"name":"Services"}]},{"@type":"WebSite","@id":"https:\/\/metalaym.com\/#website","url":"https:\/\/metalaym.com\/","name":"Metalaym","description":"Transformaci\u00f3 met\u00e0l\u00b7lica amb ferro i inox","potentialAction":[{"@type":"SearchAction","target":{"@type":"EntryPoint","urlTemplate":"https:\/\/metalaym.com\/?s={search_term_string}"},"query-input":{"@type":"PropertyValueSpecification","valueRequired":true,"valueName":"search_term_string"}}],"inLanguage":"fr-FR"}]}},"_links":{"self":[{"href":"https:\/\/metalaym.com\/fr\/wp-json\/wp\/v2\/pages\/11554","targetHints":{"allow":["GET"]}}],"collection":[{"href":"https:\/\/metalaym.com\/fr\/wp-json\/wp\/v2\/pages"}],"about":[{"href":"https:\/\/metalaym.com\/fr\/wp-json\/wp\/v2\/types\/page"}],"author":[{"embeddable":true,"href":"https:\/\/metalaym.com\/fr\/wp-json\/wp\/v2\/users\/1"}],"replies":[{"embeddable":true,"href":"https:\/\/metalaym.com\/fr\/wp-json\/wp\/v2\/comments?post=11554"}],"version-history":[{"count":29,"href":"https:\/\/metalaym.com\/fr\/wp-json\/wp\/v2\/pages\/11554\/revisions"}],"predecessor-version":[{"id":13072,"href":"https:\/\/metalaym.com\/fr\/wp-json\/wp\/v2\/pages\/11554\/revisions\/13072"}],"wp:attachment":[{"href":"https:\/\/metalaym.com\/fr\/wp-json\/wp\/v2\/media?parent=11554"}],"curies":[{"name":"wp","href":"https:\/\/api.w.org\/{rel}","templated":true}]}}