{"id":11577,"date":"2018-12-18T12:37:44","date_gmt":"2018-12-18T11:37:44","guid":{"rendered":"http:\/\/metalaym.com\/fr\/contacte-metalaym\/"},"modified":"2026-03-05T17:25:48","modified_gmt":"2026-03-05T16:25:48","slug":"contact-metalaym","status":"publish","type":"page","link":"https:\/\/metalaym.com\/fr\/contact-metalaym\/","title":{"rendered":"Contact"},"content":{"rendered":"<div class=\"wpb-content-wrapper\"><p>[vc_row css=\u00a0\u00bb.vc_custom_1545135091234{margin-top: 30px !important;}\u00a0\u00bb][vc_column width=\u00a0\u00bb1\/2&Prime;][vc_gmaps link=\u00a0\u00bb#E-8_JTNDaWZyYW1lJTIwc3JjJTNEJTIyaHR0cHMlM0ElMkYlMkZ3d3cuZ29vZ2xlLmNvbSUyRm1hcHMlMkZlbWJlZCUzRnBiJTNEJTIxMW0xOCUyMTFtMTIlMjExbTMlMjExZDI5NjMuMTk1MDk0NTYxNzk5JTIxMmQyLjgxODIxMDQxNTY3NDQwMSUyMTNkNDIuMDM4OTk2NjYzMzA4Mzk2JTIxMm0zJTIxMWYwJTIxMmYwJTIxM2YwJTIxM20yJTIxMWkxMDI0JTIxMmk3NjglMjE0ZjEzLjElMjEzbTMlMjExbTIlMjExczB4MTJiYWU5Yjg2N2U0MmRjMyUyNTNBMHg4MjRmYWZjZThiYzA3NWE0JTIxMnNBcGxpY2FjaSUyNUMzJTI1QjNuJTJCTWV0YWxheW0lMkJTLkwuJTIxNWUwJTIxM20yJTIxMXNlcyUyMTJzZXMlMjE0djE1MzU2MTYwNTc0MzglMjIlMjB3aWR0aCUzRCUyMjYwMCUyMiUyMGhlaWdodCUzRCUyMjMzMCUyMiUyMGZyYW1lYm9yZGVyJTNEJTIyMCUyMiUyMHN0eWxlJTNEJTIyYm9yZGVyJTNBMCUyMiUyMGFsbG93ZnVsbHNjcmVlbiUzRSUzQyUyRmlmcmFtZSUzRQ==\u00a0\u00bb size=\u00a0\u00bb500px\u00a0\u00bb css_animation=\u00a0\u00bbleft-to-right\u00a0\u00bb][vc_row_inner][vc_column_inner][section_header main_heading=\u00a0\u00bbAdresse\u00a0\u00bb text_align=\u00a0\u00bbleft\u00a0\u00bb font_size=\u00a0\u00bbcustom\u00a0\u00bb custom_font_size=\u00a0\u00bb20&Prime; use_multi_color=\u00a0\u00bb0&Prime; spy=\u00a0\u00bbuk-animation-fade\u00a0\u00bb scroll_delay=\u00a0\u00bb500&Prime;][vc_column_text css_animation=\u00a0\u00bbfadeIn\u00a0\u00bb el_id=\u00a0\u00bbanimated-slow-2&Prime;]C. Roure,3 &#8211; Pol. Ind. Jard\u00ed &#8211; 17843 Palol de Revardit &#8211; Girona, ESPAGNE[\/vc_column_text][\/vc_column_inner][\/vc_row_inner][vc_row_inner][vc_column_inner width=\u00a0\u00bb1\/2&Prime;][section_header main_heading=\u00a0\u00bbT\u00e9l\u00e9phone\u00a0\u00bb text_align=\u00a0\u00bbleft\u00a0\u00bb font_size=\u00a0\u00bbcustom\u00a0\u00bb custom_font_size=\u00a0\u00bb20&Prime; use_multi_color=\u00a0\u00bb0&Prime; spy=\u00a0\u00bbuk-animation-fade\u00a0\u00bb scroll_delay=\u00a0\u00bb500&Prime;][vc_column_text css_animation=\u00a0\u00bbfadeIn\u00a0\u00bb el_id=\u00a0\u00bbanimated-slow-2&Prime;](+34)\u00a0<a class=\"fl r-iGczB_gdQpoM\" title=\"Llamar a trav\u00e9s de Hangouts\" data-number=\"+34972596635\" data-pstn-out-call-url=\"\" data-rtid=\"iGczB_gdQpoM\" data-ved=\"0ahUKEwjs9fjPiMzUAhWEmbQKHYdlA0AQkAgIhwEoADAT\">972 596 635<\/a>[\/vc_column_text][\/vc_column_inner][vc_column_inner width=\u00a0\u00bb1\/2&Prime;][section_header main_heading=\u00a0\u00bbEmail\u00a0\u00bb text_align=\u00a0\u00bbleft\u00a0\u00bb font_size=\u00a0\u00bbcustom\u00a0\u00bb custom_font_size=\u00a0\u00bb20&Prime; use_multi_color=\u00a0\u00bb0&Prime; spy=\u00a0\u00bbuk-animation-fade\u00a0\u00bb scroll_delay=\u00a0\u00bb500&Prime;][vc_column_text css_animation=\u00a0\u00bbfadeIn\u00a0\u00bb el_id=\u00a0\u00bbanimated-slow-2&Prime;]<a href=\"mailto:info@metalaym.com\">info@metalaym.com<\/a>[\/vc_column_text][\/vc_column_inner][\/vc_row_inner][\/vc_column][vc_column width=\u00a0\u00bb1\/2&Prime; css=\u00a0\u00bb.vc_custom_1545218544937{margin-left: 20px !important;}\u00a0\u00bb][section_header main_heading=\u00a0\u00bbContactez-nous\u00a0\u00bb text_align=\u00a0\u00bbleft\u00a0\u00bb font_size=\u00a0\u00bbcustom\u00a0\u00bb custom_font_size=\u00a0\u00bb38&Prime; font_weight=\u00a0\u00bbbold\u00a0\u00bb use_multi_color=\u00a0\u00bb0&Prime; spy=\u00a0\u00bbuk-animation-fade\u00a0\u00bb scroll_delay=\u00a0\u00bb500&Prime; css=\u00a0\u00bb.vc_custom_1548761884809{margin-bottom: 20px !important;}\u00a0\u00bb]\n<div class=\"wpcf7 no-js\" id=\"wpcf7-f11589-o1\" lang=\"en-US\" dir=\"ltr\" data-wpcf7-id=\"11589\">\n<div class=\"screen-reader-response\"><p role=\"status\" aria-live=\"polite\" aria-atomic=\"true\"><\/p> <ul><\/ul><\/div>\n<form action=\"\/fr\/wp-json\/wp\/v2\/pages\/11577#wpcf7-f11589-o1\" method=\"post\" class=\"wpcf7-form init wpcf7-acceptance-as-validation\" aria-label=\"Contact form\" novalidate=\"novalidate\" data-status=\"init\">\n<div style=\"display: none;\">\n<input type=\"hidden\" name=\"_wpcf7\" value=\"11589\" \/>\n<input type=\"hidden\" name=\"_wpcf7_version\" value=\"6.0.6\" \/>\n<input type=\"hidden\" name=\"_wpcf7_locale\" value=\"en_US\" \/>\n<input type=\"hidden\" name=\"_wpcf7_unit_tag\" value=\"wpcf7-f11589-o1\" \/>\n<input type=\"hidden\" name=\"_wpcf7_container_post\" value=\"0\" \/>\n<input type=\"hidden\" name=\"_wpcf7_posted_data_hash\" value=\"\" \/>\n<input type=\"hidden\" name=\"_wpcf7_recaptcha_response\" value=\"\" \/>\n<\/div>\n<div class=\"form-group\">\n\t<div class=\"row\">\n\t\t<div class=\"col-sm-6\">\n\t\t\t<p><label>Nom<\/label><br \/>\n<span class=\"wpcf7-form-control-wrap\" data-name=\"first-name\"><input size=\"40\" maxlength=\"400\" class=\"wpcf7-form-control wpcf7-text wpcf7-validates-as-required form-control\" aria-required=\"true\" aria-invalid=\"false\" value=\"\" type=\"text\" name=\"first-name\" \/><\/span>\n\t\t\t<\/p>\n\t\t<\/div>\n\t\t<div class=\"col-sm-6\">\n\t\t\t<p><label>Entreprise<\/label><br \/>\n<span class=\"wpcf7-form-control-wrap\" data-name=\"last-name\"><input size=\"40\" maxlength=\"400\" class=\"wpcf7-form-control wpcf7-text wpcf7-validates-as-required form-control\" aria-required=\"true\" aria-invalid=\"false\" value=\"\" type=\"text\" name=\"last-name\" \/><\/span>\n\t\t\t<\/p>\n\t\t<\/div>\n\t<\/div>\n<\/div>\n<div class=\"form-group\">\n\t<div class=\"row\">\n\t\t<div class=\"col-sm-6\">\n\t\t\t<p><label>Email<\/label><br \/>\n<span class=\"wpcf7-form-control-wrap\" data-name=\"email-address\"><input size=\"40\" maxlength=\"400\" class=\"wpcf7-form-control wpcf7-text wpcf7-validates-as-required form-control\" aria-required=\"true\" aria-invalid=\"false\" value=\"\" type=\"text\" name=\"email-address\" \/><\/span>\n\t\t\t<\/p>\n\t\t<\/div>\n\t\t<div class=\"col-sm-6\">\n\t\t\t<p><label>T\u00e9l\u00e9phone<\/label><br \/>\n<span class=\"wpcf7-form-control-wrap\" data-name=\"phone-number\"><input size=\"40\" maxlength=\"400\" class=\"wpcf7-form-control wpcf7-text form-control\" aria-invalid=\"false\" value=\"\" type=\"text\" name=\"phone-number\" \/><\/span>\n\t\t\t<\/p>\n\t\t<\/div>\n\t<\/div>\n<\/div>\n<div class=\"form-group\">\n\t<div class=\"row\">\n\t\t<div class=\"col-sm-12\">\n\t\t\t<p><label>Message<\/label><br \/>\n<span class=\"wpcf7-form-control-wrap\" data-name=\"your-message\"><textarea cols=\"40\" rows=\"4\" maxlength=\"2000\" class=\"wpcf7-form-control wpcf7-textarea form-control\" aria-invalid=\"false\" name=\"your-message\"><\/textarea><\/span>\n\t\t\t<\/p>\n\t\t<\/div>\n\t<\/div>\n<\/div>\n<div class=\"form-group\">\n\t<div class=\"row\">\n\t\t<div class=\"col-sm-12\">\n\t\t\t<p><span class=\"wpcf7-form-control-wrap\" data-name=\"acceptance-646\"><span class=\"wpcf7-form-control wpcf7-acceptance\"><span class=\"wpcf7-list-item\"><input type=\"checkbox\" name=\"acceptance-646\" value=\"1\" class=\"required\" aria-invalid=\"false\" \/><\/span><\/span><\/span><label> J\u2019ai lu et j\u2019accepte la politique de protection des donn\u00e9es*<\/label>\n\t\t\t<\/p>\n\t\t<\/div>\n\t<\/div>\n<\/div>\n<div class=\"form-group\">\n\t<div class=\"row\">\n\t\t<div class=\"col-sm-12\">\n\t\t\t<p><span class=\"wpcf7-form-control-wrap\" data-name=\"acceptance-646\"><span class=\"wpcf7-form-control wpcf7-acceptance\"><span class=\"wpcf7-list-item\"><input type=\"checkbox\" name=\"acceptance-646\" value=\"1\" class=\"required\" aria-invalid=\"false\" \/><\/span><\/span><\/span><label> J'accepte de recevoir des informations sur les services et produits de Metalaym*<\/label>\n\t\t\t<\/p>\n\t\t<\/div>\n\t<\/div>\n<\/div>\n<div class=\"form-group\">\n\t<div class=\"row\">\n\t\t<div class=\"col-sm-12\">\n\t\t\n\t\t<\/div>\n\t<\/div>\n<\/div>\n<div class=\"form-group\">\n\t<div class=\"row\">\n\t\t<div class=\"col-sm-12\">\n\t\t\t<p><button type=\"submit\" class=\"btn btn-primary\">Envoyer<\/button>\n\t\t\t<\/p>\n\t\t<\/div>\n\t<\/div>\n<\/div><div class=\"wpcf7-response-output\" aria-hidden=\"true\"><\/div>\n<\/form>\n<\/div>\n[\/vc_column][\/vc_row][vc_row equal_height=\u00a0\u00bbyes\u00a0\u00bb expanded=\u00a0\u00bb2&Prime; css=\u00a0\u00bb.vc_custom_1545218630299{margin-top: 30px !important;margin-bottom: 60px !important;background-color: #efefef !important;}\u00a0\u00bb][vc_column width=\u00a0\u00bb1\/2&Prime; css=\u00a0\u00bb.vc_custom_1545218716468{margin-right: 30px !important;margin-bottom: 30px !important;}\u00a0\u00bb][section_header main_heading=\u00a0\u00bbRejoignez notre \u00e9quipe\u00a0\u00bb text_align=\u00a0\u00bbleft\u00a0\u00bb font_size=\u00a0\u00bbcustom\u00a0\u00bb custom_font_size=\u00a0\u00bb38&Prime; font_weight=\u00a0\u00bbbold\u00a0\u00bb use_multi_color=\u00a0\u00bb0&Prime; spy=\u00a0\u00bbuk-animation-fade\u00a0\u00bb scroll_delay=\u00a0\u00bb500&Prime; css=\u00a0\u00bb.vc_custom_1549386491436{margin-top: 20px !important;margin-right: 30px !important;margin-bottom: 20px !important;}\u00a0\u00bb]\n<div class=\"wpcf7 no-js\" id=\"wpcf7-f11591-o2\" lang=\"en-US\" dir=\"ltr\" data-wpcf7-id=\"11591\">\n<div class=\"screen-reader-response\"><p role=\"status\" aria-live=\"polite\" aria-atomic=\"true\"><\/p> <ul><\/ul><\/div>\n<form action=\"\/fr\/wp-json\/wp\/v2\/pages\/11577#wpcf7-f11591-o2\" method=\"post\" class=\"wpcf7-form init wpcf7-acceptance-as-validation\" aria-label=\"Contact form\" enctype=\"multipart\/form-data\" novalidate=\"novalidate\" data-status=\"init\">\n<div style=\"display: none;\">\n<input type=\"hidden\" name=\"_wpcf7\" value=\"11591\" \/>\n<input type=\"hidden\" name=\"_wpcf7_version\" value=\"6.0.6\" \/>\n<input type=\"hidden\" name=\"_wpcf7_locale\" value=\"en_US\" \/>\n<input type=\"hidden\" name=\"_wpcf7_unit_tag\" value=\"wpcf7-f11591-o2\" \/>\n<input type=\"hidden\" name=\"_wpcf7_container_post\" value=\"0\" \/>\n<input type=\"hidden\" name=\"_wpcf7_posted_data_hash\" value=\"\" \/>\n<input type=\"hidden\" name=\"_wpcf7_recaptcha_response\" value=\"\" \/>\n<\/div>\n<div class=\"form-group\">\n\t<div class=\"row\">\n\t\t<div class=\"col-sm-6\">\n\t\t\t<p><label>Nom<\/label><br \/>\n<span class=\"wpcf7-form-control-wrap\" data-name=\"first-name\"><input size=\"40\" maxlength=\"400\" class=\"wpcf7-form-control wpcf7-text wpcf7-validates-as-required form-control\" aria-required=\"true\" aria-invalid=\"false\" value=\"\" type=\"text\" name=\"first-name\" \/><\/span>\n\t\t\t<\/p>\n\t\t<\/div>\n\t\t<div class=\"col-sm-6\">\n\t\t\t<p><label>Email<\/label><br \/>\n<span class=\"wpcf7-form-control-wrap\" data-name=\"email-address\"><input size=\"40\" maxlength=\"400\" class=\"wpcf7-form-control wpcf7-text wpcf7-validates-as-required form-control\" aria-required=\"true\" aria-invalid=\"false\" value=\"\" type=\"text\" name=\"email-address\" \/><\/span>\n\t\t\t<\/p>\n\t\t<\/div>\n\t<\/div>\n<\/div>\n<div class=\"form-group\">\n\t<div class=\"row\">\n\t\t<div class=\"col-sm-12\">\n\t\t\t<p><label>Message<\/label><br \/>\n<span class=\"wpcf7-form-control-wrap\" data-name=\"your-message\"><textarea cols=\"40\" rows=\"4\" maxlength=\"2000\" class=\"wpcf7-form-control wpcf7-textarea form-control\" aria-invalid=\"false\" name=\"your-message\"><\/textarea><\/span>\n\t\t\t<\/p>\n\t\t<\/div>\n\t<\/div>\n<\/div>\n<div class=\"form-group\">\n\t<div class=\"row\">\n\t\t<div class=\"col-sm-12\">\n\t\t\t<p><label>Joindre un CV<\/label><br \/>\n<span class=\"wpcf7-form-control-wrap\" data-name=\"CV\"><input size=\"40\" class=\"wpcf7-form-control wpcf7-file\" accept=\".jpg,.png,.pdf\" aria-invalid=\"false\" type=\"file\" name=\"CV\" \/><\/span>\n\t\t\t<\/p>\n\t\t<\/div>\n\t<\/div>\n<\/div>\n<div class=\"form-group\">\n\t<div class=\"row\">\n\t\t<div class=\"col-sm-12\">\n\t\t\t<p><span class=\"wpcf7-form-control-wrap\" data-name=\"acceptance-646\"><span class=\"wpcf7-form-control wpcf7-acceptance\"><span class=\"wpcf7-list-item\"><input type=\"checkbox\" name=\"acceptance-646\" value=\"1\" class=\"required\" aria-invalid=\"false\" \/><\/span><\/span><\/span><label> Je lis et accepte la politique de protection des donn\u00e9es*<\/label>\n\t\t\t<\/p>\n\t\t<\/div>\n\t<\/div>\n<\/div>\n<div class=\"form-group\">\n\t<div class=\"row\">\n\t\t<div class=\"col-sm-12\">\n\t\t\n\t\t<\/div>\n\t<\/div>\n<\/div>\n<div class=\"form-group\">\n\t<div class=\"row\">\n\t\t<div class=\"col-sm-12\">\n\t\t\t<p><button type=\"submit\" class=\"btn btn-primary\">Envoyer<\/button>\n\t\t\t<\/p>\n\t\t<\/div>\n\t<\/div>\n<\/div><div class=\"wpcf7-response-output\" aria-hidden=\"true\"><\/div>\n<\/form>\n<\/div>\n[\/vc_column][vc_column width=\u00a0\u00bb1\/2&Prime; css=\u00a0\u00bb.vc_custom_1726732839273{margin-left: 20px !important;background-position: center !important;background-repeat: no-repeat !important;background-size: cover !important;}\u00a0\u00bb][vc_column_text css=\u00a0\u00bb\u00a0\u00bb]<img loading=\"lazy\" decoding=\"async\" class=\"alignnone wp-image-14713 size-full\" src=\"https:\/\/metalaym.com\/wp-content\/uploads\/2026\/03\/isos-entrada-26.jpg\" alt=\"\" width=\"1849\" height=\"1237\" srcset=\"https:\/\/metalaym.com\/wp-content\/uploads\/2026\/03\/isos-entrada-26.jpg 1849w, https:\/\/metalaym.com\/wp-content\/uploads\/2026\/03\/isos-entrada-26-300x201.jpg 300w, https:\/\/metalaym.com\/wp-content\/uploads\/2026\/03\/isos-entrada-26-1024x685.jpg 1024w, https:\/\/metalaym.com\/wp-content\/uploads\/2026\/03\/isos-entrada-26-768x514.jpg 768w, https:\/\/metalaym.com\/wp-content\/uploads\/2026\/03\/isos-entrada-26-1536x1028.jpg 1536w, https:\/\/metalaym.com\/wp-content\/uploads\/2026\/03\/isos-entrada-26-50x33.jpg 50w, https:\/\/metalaym.com\/wp-content\/uploads\/2026\/03\/isos-entrada-26-100x67.jpg 100w\" sizes=\"auto, (max-width: 1849px) 100vw, 1849px\" \/>[\/vc_column_text][\/vc_column][\/vc_row][vc_row css=\u00a0\u00bb.vc_custom_1545134608090{margin-top: 30px !important;margin-bottom: 30px !important;}\u00a0\u00bb][vc_column][vc_column_text css_animation=\u00a0\u00bbleft-to-right\u00a0\u00bb]<\/p>\n<p class=\"p1\" style=\"font-size: 13px;\">AVIS JURIDIQUE<\/p>\n<p class=\"p1\" style=\"font-size: 13px;\">Conform\u00e9ment aux dispositions du r\u00e8glement g\u00e9n\u00e9ral sur la protection des donn\u00e9es, nous vous informons que nous traiterons vos donn\u00e9es \u00e0 caract\u00e8re personnel afin de:<\/p>\n<p class=\"p1\" style=\"font-size: 13px;\"><strong>Vous informer sur les produits ou services publi\u00e9s sur notre site.<\/strong><\/p>\n<p class=\"p1\" style=\"font-size: 13px;\">Les dades personals proporcionades es conservaran, mentre es mantingui la relaci\u00f3 mercantil, no se sol\u00b7liciti la seva supressi\u00f3 per l&rsquo;interessat, o durant 1 any a partir de l&rsquo;\u00faltima confirmaci\u00f3 d&rsquo;inter\u00e8s, o durant el temps necessari per complir amb les obligacions legals. L&#8217;empresa NO prendr\u00e0 decisions automatitzades. Les dades no se cediran a tercers excepte en els casos en qu\u00e8 existeixi una obligaci\u00f3 legal i les tractarem sobre la base del seu consentiment.<\/p>\n<p class=\"p1\" style=\"font-size: 13px;\">De m\u00eame, nous vous informons de la possibilit\u00e9 d&rsquo;exercer les droits suivants concernant vos donn\u00e9es personnelles: droit d&rsquo;acc\u00e8s, de rectification, de suppression ou d&rsquo;oubli, de limitation, d&rsquo;opposition, de transf\u00e9rabilit\u00e9 et de retrait du consentement donn\u00e9, en envoyant un courrier \u00e9lectronique \u00e0:\u00a0<a href=\"mailto:alicia@metalaym.com\">alicia@metalaym.com<\/a>.<a href=\"mailto:alicia@metalaym.com\"><br \/>\n<\/a><br \/>\nEn outre, la partie int\u00e9ress\u00e9e peut s&rsquo;adresser \u00e0 l&rsquo;autorit\u00e9 comp\u00e9tente en mati\u00e8re de protection des donn\u00e9es pour obtenir des informations compl\u00e9mentaires ou d\u00e9poser une plainte.<\/p>\n<p class=\"p1\" style=\"font-size: 13px;\">Donn\u00e9es d&rsquo;identification de la personne responsable:<br \/>\nAPLICACIONS METALAYM, S.L., B17944836, CARRER ROURE, 3 (POL.IND. JARDI) &#8211; 17843 &#8211; PALOL DE REVARDIT &#8211; GIRONA, 972596635<\/p>\n<p class=\"p1\" style=\"font-size: 13px;\">CONSENTEMENT AU FORMULAIRE DE COLLECTE DE DONN\u00c9ES<\/p>\n<p class=\"p1\" style=\"font-size: 13px;\">Le but et l&rsquo;utilisation pr\u00e9vus des donn\u00e9es elles-m\u00eames et de leur traitement sont de fournir le service demand\u00e9 ou de livrer le produit achet\u00e9. Voici la raison pour laquelle vos donn\u00e9es seront obtenues:<\/p>\n<p class=\"p1\" style=\"font-size: 13px;\"><strong>\u2022 Envoi d&rsquo;offres de produits et services qui vous int\u00e9ressent.<\/strong><\/p>\n<p>[\/vc_column_text][\/vc_column][\/vc_row]<\/p>\n<\/div>","protected":false},"excerpt":{"rendered":"<p>[vc_row css=\u00a0\u00bb.vc_custom_1545135091234{margin-top: 30px !important;}\u00a0\u00bb][vc_column width=\u00a0\u00bb1\/2&Prime;][vc_gmaps link=\u00a0\u00bb#E-8_JTNDaWZyYW1lJTIwc3JjJTNEJTIyaHR0cHMlM0ElMkYlMkZ3d3cuZ29vZ2xlLmNvbSUyRm1hcHMlMkZlbWJlZCUzRnBiJTNEJTIxMW0xOCUyMTFtMTIlMjExbTMlMjExZDI5NjMuMTk1MDk0NTYxNzk5JTIxMmQyLjgxODIxMDQxNTY3NDQwMSUyMTNkNDIuMDM4OTk2NjYzMzA4Mzk2JTIxMm0zJTIxMWYwJTIxMmYwJTIxM2YwJTIxM20yJTIxMWkxMDI0JTIxMmk3NjglMjE0ZjEzLjElMjEzbTMlMjExbTIlMjExczB4MTJiYWU5Yjg2N2U0MmRjMyUyNTNBMHg4MjRmYWZjZThiYzA3NWE0JTIxMnNBcGxpY2FjaSUyNUMzJTI1QjNuJTJCTWV0YWxheW0lMkJTLkwuJTIxNWUwJTIxM20yJTIxMXNlcyUyMTJzZXMlMjE0djE1MzU2MTYwNTc0MzglMjIlMjB3aWR0aCUzRCUyMjYwMCUyMiUyMGhlaWdodCUzRCUyMjMzMCUyMiUyMGZyYW1lYm9yZGVyJTNEJTIyMCUyMiUyMHN0eWxlJTNEJTIyYm9yZGVyJTNBMCUyMiUyMGFsbG93ZnVsbHNjcmVlbiUzRSUzQyUyRmlmcmFtZSUzRQ==\u00a0\u00bb size=\u00a0\u00bb500px\u00a0\u00bb css_animation=\u00a0\u00bbleft-to-right\u00a0\u00bb][vc_row_inner][vc_column_inner][section_header main_heading=\u00a0\u00bbAdresse\u00a0\u00bb text_align=\u00a0\u00bbleft\u00a0\u00bb font_size=\u00a0\u00bbcustom\u00a0\u00bb custom_font_size=\u00a0\u00bb20&Prime; use_multi_color=\u00a0\u00bb0&Prime; spy=\u00a0\u00bbuk-animation-fade\u00a0\u00bb scroll_delay=\u00a0\u00bb500&Prime;][vc_column_text css_animation=\u00a0\u00bbfadeIn\u00a0\u00bb el_id=\u00a0\u00bbanimated-slow-2&Prime;]C. Roure,3 &#8211; Pol. Ind. Jard\u00ed &#8211; 17843 Palol de Revardit &#8211; Girona, ESPAGNE[\/vc_column_text][\/vc_column_inner][\/vc_row_inner][vc_row_inner][vc_column_inner width=\u00a0\u00bb1\/2&Prime;][section_header main_heading=\u00a0\u00bbT\u00e9l\u00e9phone\u00a0\u00bb text_align=\u00a0\u00bbleft\u00a0\u00bb font_size=\u00a0\u00bbcustom\u00a0\u00bb custom_font_size=\u00a0\u00bb20&Prime; use_multi_color=\u00a0\u00bb0&Prime; spy=\u00a0\u00bbuk-animation-fade\u00a0\u00bb scroll_delay=\u00a0\u00bb500&Prime;][vc_column_text css_animation=\u00a0\u00bbfadeIn\u00a0\u00bb el_id=\u00a0\u00bbanimated-slow-2&Prime;](+34)\u00a0972 596 635[\/vc_column_text][\/vc_column_inner][vc_column_inner width=\u00a0\u00bb1\/2&Prime;][section_header main_heading=\u00a0\u00bbEmail\u00a0\u00bb text_align=\u00a0\u00bbleft\u00a0\u00bb font_size=\u00a0\u00bbcustom\u00a0\u00bb custom_font_size=\u00a0\u00bb20&Prime; use_multi_color=\u00a0\u00bb0&Prime; spy=\u00a0\u00bbuk-animation-fade\u00a0\u00bb scroll_delay=\u00a0\u00bb500&Prime;][vc_column_text css_animation=\u00a0\u00bbfadeIn\u00a0\u00bb el_id=\u00a0\u00bbanimated-slow-2&Prime;]info@metalaym.com[\/vc_column_text][\/vc_column_inner][\/vc_row_inner][\/vc_column][vc_column width=\u00a0\u00bb1\/2&Prime; css=\u00a0\u00bb.vc_custom_1545218544937{margin-left: 20px&hellip;<\/p>\n","protected":false},"author":1,"featured_media":0,"parent":0,"menu_order":0,"comment_status":"closed","ping_status":"closed","template":"fullwidth.php","meta":{"footnotes":""},"class_list":["post-11577","page","type-page","status-publish","hentry"],"yoast_head":"<!-- This site is optimized with the Yoast SEO plugin v25.3 - https:\/\/yoast.com\/wordpress\/plugins\/seo\/ -->\n<title>Metalaym, contact<\/title>\n<meta name=\"description\" content=\"Metalaym, contact\" \/>\n<meta name=\"robots\" content=\"index, follow, max-snippet:-1, max-image-preview:large, max-video-preview:-1\" \/>\n<link rel=\"canonical\" href=\"https:\/\/metalaym.com\/fr\/contact-metalaym\/\" \/>\n<meta property=\"og:locale\" content=\"fr_FR\" \/>\n<meta property=\"og:type\" content=\"article\" \/>\n<meta property=\"og:title\" content=\"Metalaym, contact\" \/>\n<meta property=\"og:description\" content=\"Metalaym, contact\" \/>\n<meta property=\"og:url\" content=\"https:\/\/metalaym.com\/fr\/contact-metalaym\/\" \/>\n<meta property=\"og:site_name\" content=\"Metalaym\" \/>\n<meta property=\"article:modified_time\" content=\"2026-03-05T16:25:48+00:00\" \/>\n<meta property=\"og:image\" content=\"https:\/\/metalaym.com\/wp-content\/uploads\/2026\/03\/isos-entrada-26.jpg\" \/>\n\t<meta property=\"og:image:width\" content=\"1849\" \/>\n\t<meta property=\"og:image:height\" content=\"1237\" \/>\n\t<meta property=\"og:image:type\" content=\"image\/jpeg\" \/>\n<meta name=\"twitter:card\" content=\"summary_large_image\" \/>\n<meta name=\"twitter:label1\" content=\"Dur\u00e9e de lecture estim\u00e9e\" \/>\n\t<meta name=\"twitter:data1\" content=\"3 minutes\" \/>\n<script type=\"application\/ld+json\" class=\"yoast-schema-graph\">{\"@context\":\"https:\/\/schema.org\",\"@graph\":[{\"@type\":\"WebPage\",\"@id\":\"https:\/\/metalaym.com\/fr\/contact-metalaym\/\",\"url\":\"https:\/\/metalaym.com\/fr\/contact-metalaym\/\",\"name\":\"Metalaym, contact\",\"isPartOf\":{\"@id\":\"https:\/\/metalaym.com\/#website\"},\"primaryImageOfPage\":{\"@id\":\"https:\/\/metalaym.com\/fr\/contact-metalaym\/#primaryimage\"},\"image\":{\"@id\":\"https:\/\/metalaym.com\/fr\/contact-metalaym\/#primaryimage\"},\"thumbnailUrl\":\"https:\/\/metalaym.com\/wp-content\/uploads\/2026\/03\/isos-entrada-26.jpg\",\"datePublished\":\"2018-12-18T11:37:44+00:00\",\"dateModified\":\"2026-03-05T16:25:48+00:00\",\"description\":\"Metalaym, contact\",\"breadcrumb\":{\"@id\":\"https:\/\/metalaym.com\/fr\/contact-metalaym\/#breadcrumb\"},\"inLanguage\":\"fr-FR\",\"potentialAction\":[{\"@type\":\"ReadAction\",\"target\":[\"https:\/\/metalaym.com\/fr\/contact-metalaym\/\"]}]},{\"@type\":\"ImageObject\",\"inLanguage\":\"fr-FR\",\"@id\":\"https:\/\/metalaym.com\/fr\/contact-metalaym\/#primaryimage\",\"url\":\"https:\/\/metalaym.com\/wp-content\/uploads\/2026\/03\/isos-entrada-26.jpg\",\"contentUrl\":\"https:\/\/metalaym.com\/wp-content\/uploads\/2026\/03\/isos-entrada-26.jpg\"},{\"@type\":\"BreadcrumbList\",\"@id\":\"https:\/\/metalaym.com\/fr\/contact-metalaym\/#breadcrumb\",\"itemListElement\":[{\"@type\":\"ListItem\",\"position\":1,\"name\":\"Inici\",\"item\":\"https:\/\/metalaym.com\/fr\/\"},{\"@type\":\"ListItem\",\"position\":2,\"name\":\"Contact\"}]},{\"@type\":\"WebSite\",\"@id\":\"https:\/\/metalaym.com\/#website\",\"url\":\"https:\/\/metalaym.com\/\",\"name\":\"Metalaym\",\"description\":\"Transformaci\u00f3 met\u00e0l\u00b7lica amb ferro i inox\",\"potentialAction\":[{\"@type\":\"SearchAction\",\"target\":{\"@type\":\"EntryPoint\",\"urlTemplate\":\"https:\/\/metalaym.com\/?s={search_term_string}\"},\"query-input\":{\"@type\":\"PropertyValueSpecification\",\"valueRequired\":true,\"valueName\":\"search_term_string\"}}],\"inLanguage\":\"fr-FR\"}]}<\/script>\n<!-- \/ Yoast SEO plugin. -->","yoast_head_json":{"title":"Metalaym, contact","description":"Metalaym, contact","robots":{"index":"index","follow":"follow","max-snippet":"max-snippet:-1","max-image-preview":"max-image-preview:large","max-video-preview":"max-video-preview:-1"},"canonical":"https:\/\/metalaym.com\/fr\/contact-metalaym\/","og_locale":"fr_FR","og_type":"article","og_title":"Metalaym, contact","og_description":"Metalaym, contact","og_url":"https:\/\/metalaym.com\/fr\/contact-metalaym\/","og_site_name":"Metalaym","article_modified_time":"2026-03-05T16:25:48+00:00","og_image":[{"width":1849,"height":1237,"url":"https:\/\/metalaym.com\/wp-content\/uploads\/2026\/03\/isos-entrada-26.jpg","type":"image\/jpeg"}],"twitter_card":"summary_large_image","twitter_misc":{"Dur\u00e9e de lecture estim\u00e9e":"3 minutes"},"schema":{"@context":"https:\/\/schema.org","@graph":[{"@type":"WebPage","@id":"https:\/\/metalaym.com\/fr\/contact-metalaym\/","url":"https:\/\/metalaym.com\/fr\/contact-metalaym\/","name":"Metalaym, contact","isPartOf":{"@id":"https:\/\/metalaym.com\/#website"},"primaryImageOfPage":{"@id":"https:\/\/metalaym.com\/fr\/contact-metalaym\/#primaryimage"},"image":{"@id":"https:\/\/metalaym.com\/fr\/contact-metalaym\/#primaryimage"},"thumbnailUrl":"https:\/\/metalaym.com\/wp-content\/uploads\/2026\/03\/isos-entrada-26.jpg","datePublished":"2018-12-18T11:37:44+00:00","dateModified":"2026-03-05T16:25:48+00:00","description":"Metalaym, contact","breadcrumb":{"@id":"https:\/\/metalaym.com\/fr\/contact-metalaym\/#breadcrumb"},"inLanguage":"fr-FR","potentialAction":[{"@type":"ReadAction","target":["https:\/\/metalaym.com\/fr\/contact-metalaym\/"]}]},{"@type":"ImageObject","inLanguage":"fr-FR","@id":"https:\/\/metalaym.com\/fr\/contact-metalaym\/#primaryimage","url":"https:\/\/metalaym.com\/wp-content\/uploads\/2026\/03\/isos-entrada-26.jpg","contentUrl":"https:\/\/metalaym.com\/wp-content\/uploads\/2026\/03\/isos-entrada-26.jpg"},{"@type":"BreadcrumbList","@id":"https:\/\/metalaym.com\/fr\/contact-metalaym\/#breadcrumb","itemListElement":[{"@type":"ListItem","position":1,"name":"Inici","item":"https:\/\/metalaym.com\/fr\/"},{"@type":"ListItem","position":2,"name":"Contact"}]},{"@type":"WebSite","@id":"https:\/\/metalaym.com\/#website","url":"https:\/\/metalaym.com\/","name":"Metalaym","description":"Transformaci\u00f3 met\u00e0l\u00b7lica amb ferro i inox","potentialAction":[{"@type":"SearchAction","target":{"@type":"EntryPoint","urlTemplate":"https:\/\/metalaym.com\/?s={search_term_string}"},"query-input":{"@type":"PropertyValueSpecification","valueRequired":true,"valueName":"search_term_string"}}],"inLanguage":"fr-FR"}]}},"_links":{"self":[{"href":"https:\/\/metalaym.com\/fr\/wp-json\/wp\/v2\/pages\/11577","targetHints":{"allow":["GET"]}}],"collection":[{"href":"https:\/\/metalaym.com\/fr\/wp-json\/wp\/v2\/pages"}],"about":[{"href":"https:\/\/metalaym.com\/fr\/wp-json\/wp\/v2\/types\/page"}],"author":[{"embeddable":true,"href":"https:\/\/metalaym.com\/fr\/wp-json\/wp\/v2\/users\/1"}],"replies":[{"embeddable":true,"href":"https:\/\/metalaym.com\/fr\/wp-json\/wp\/v2\/comments?post=11577"}],"version-history":[{"count":10,"href":"https:\/\/metalaym.com\/fr\/wp-json\/wp\/v2\/pages\/11577\/revisions"}],"predecessor-version":[{"id":14723,"href":"https:\/\/metalaym.com\/fr\/wp-json\/wp\/v2\/pages\/11577\/revisions\/14723"}],"wp:attachment":[{"href":"https:\/\/metalaym.com\/fr\/wp-json\/wp\/v2\/media?parent=11577"}],"curies":[{"name":"wp","href":"https:\/\/api.w.org\/{rel}","templated":true}]}}