{"id":11614,"date":"2017-10-09T10:20:36","date_gmt":"2017-10-09T09:20:36","guid":{"rendered":"http:\/\/metalaym.com\/fr\/informacio-legal\/"},"modified":"2019-02-25T18:15:01","modified_gmt":"2019-02-25T17:15:01","slug":"informations-juridiques","status":"publish","type":"page","link":"https:\/\/metalaym.com\/fr\/informations-juridiques\/","title":{"rendered":"Informations juridiques"},"content":{"rendered":"<div class=\"wpb-content-wrapper\"><p>[vc_row css=\u00a0\u00bb.vc_custom_1507541007434{margin-top: 60px !important;}\u00a0\u00bb][vc_column css=\u00a0\u00bb.vc_custom_1507540970948{padding-bottom: 60px !important;}\u00a0\u00bb][section_header main_heading=\u00a0\u00bbAviso legal\u00a0\u00bb text_align=\u00a0\u00bbleft\u00a0\u00bb font_size=\u00a0\u00bbcustom\u00a0\u00bb custom_font_size=\u00a0\u00bb20&Prime; font_weight=\u00a0\u00bbnormal\u00a0\u00bb use_multi_color=\u00a0\u00bb0&Prime;][vc_column_text]En cumplimiento de lo previsto en el art\u00edculo 10 de la Ley 34\/2002, de 11 de julio, de Servicios de la Sociedad de la Informaci\u00f3n y Comercio Electr\u00f3nico (LSSICE), se informa que metalaym.com es un dominio de la empresa <strong>APLICACIONS METALAYM . S.L.<\/strong>, a continuaci\u00f3n se detallan los datos identificativos de la entidad:<\/p>\n<p><strong>Raz\u00f3n social: APLICACIONS METALAYM, S.L.<\/strong><br \/>\n<strong>NIF: B-17944836<\/strong><br \/>\n<strong>Direcci\u00f3n: C \/ Roure, 3 (Pol.Ind Jardi) -17843- Palol de Revardit- GIRONA<\/strong><br \/>\n<strong>Tel\u00e9fono: 972 596635<\/strong><br \/>\n<strong>Correo electr\u00f3nico: <a href=\"mailto:info@metalaym.com\">info@metalaym.com<\/a><\/strong><\/p>\n<p>La sociedad APLICACIONES METALAYM, S.L., con el CIF: (ES) B-17944836 que figura inscrita en el registro mercantil de GIRONA (ESPA\u00d1A).[\/vc_column_text][section_header main_heading=\u00a0\u00bbFinalidad de la p\u00e1gina web\u00a0\u00bb text_align=\u00a0\u00bbleft\u00a0\u00bb font_size=\u00a0\u00bbcustom\u00a0\u00bb custom_font_size=\u00a0\u00bb20&Prime; font_weight=\u00a0\u00bbnormal\u00a0\u00bb use_multi_color=\u00a0\u00bb0&Prime;][vc_column_text]APLICACIONES METALAYM, S.L., tiene como finalidad o actividad la planchister\u00eda industrial y calderer\u00eda fina, especializada en la construcci\u00f3n de componentes para la industria alimentaria, energ\u00edas renovables, farmac\u00e9utica, naval.<\/p>\n<p>El presente aviso legal (en adelante, el \u00ab\u00a0Aviso Legal\u00a0\u00bb) regula el uso de la web:\u00a0<a href=\"http:\/\/www.metalaym.com\">www.metalaym.com<\/a>[\/vc_column_text][section_header main_heading=\u00a0\u00bbLegislaci\u00f3n\u00a0\u00bb text_align=\u00a0\u00bbleft\u00a0\u00bb font_size=\u00a0\u00bbcustom\u00a0\u00bb custom_font_size=\u00a0\u00bb20&Prime; font_weight=\u00a0\u00bbnormal\u00a0\u00bb use_multi_color=\u00a0\u00bb0&Prime;][vc_column_text]Con car\u00e1cter general las relaciones entre B17944836 () con los Usuarios de sus servicios telem\u00e1ticos, presentes en esta web, se encuentran sometidas a la legislaci\u00f3n y jurisdicci\u00f3n espa\u00f1olas.[\/vc_column_text][section_header main_heading=\u00a0\u00bbUso y acceso de usuarios\u00a0\u00bb text_align=\u00a0\u00bbleft\u00a0\u00bb font_size=\u00a0\u00bbcustom\u00a0\u00bb custom_font_size=\u00a0\u00bb20&Prime; font_weight=\u00a0\u00bbnormal\u00a0\u00bb use_multi_color=\u00a0\u00bb0&Prime;][vc_column_text]El usuario queda informado, y acepta, que el acceso al presente web no supone, en ning\u00fan caso, el inicio de una relaci\u00f3n comercial con APLICACIONES METALAYM, S.L. () O cualquiera de sus delegaciones.[\/vc_column_text][section_header main_heading=\u00a0\u00bbPropiedad intelectual e industrial\u00a0\u00bb text_align=\u00a0\u00bbleft\u00a0\u00bb font_size=\u00a0\u00bbcustom\u00a0\u00bb custom_font_size=\u00a0\u00bb20&Prime; font_weight=\u00a0\u00bbnormal\u00a0\u00bb use_multi_color=\u00a0\u00bb0&Prime;][vc_column_text]Los derechos de propiedad intelectual del contenido de las p\u00e1ginas web, su dise\u00f1o gr\u00e1fico y c\u00f3digos son titularidad de APLICACIONES METALAYM, S.L. () Y, por tanto, queda prohibida su reproducci\u00f3n, distribuci\u00f3n, comunicaci\u00f3n p\u00fablica, transformaci\u00f3n o cualquier otra actividad que se pueda realizar con los contenidos de las p\u00e1ginas web, aunque sea citando las fuentes, salvo consentimiento por escrito de APLICACIONES METALAYM , SL ().[\/vc_column_text][section_header main_heading=\u00a0\u00bbContenido de la web y enlaces (links)\u00a0\u00bb text_align=\u00a0\u00bbleft\u00a0\u00bb font_size=\u00a0\u00bbcustom\u00a0\u00bb custom_font_size=\u00a0\u00bb20&Prime; font_weight=\u00a0\u00bbnormal\u00a0\u00bb use_multi_color=\u00a0\u00bb0&Prime;][vc_column_text]APLICACIONES METALAYM, S.L. () Se reserva el derecho a actualizar, modificar o eliminar la informaci\u00f3n contenida en sus p\u00e1ginas web pudiendo incluso limitar o no permitir el acceso a dicha informaci\u00f3n a ciertos usuarios.<\/p>\n<p>APLICACIONES METALAYM, S.L. () No asume ninguna responsabilidad por la informaci\u00f3n contenida en p\u00e1ginas web de terceros a las que se pueda acceder por \u00ab\u00a0links\u00a0\u00bb o enlaces desde cualquier p\u00e1gina web propiedad de APLICACIONES METALAYM, S.L. (). La presencia de \u00ab\u00a0links\u00a0\u00bb o enlaces en las p\u00e1ginas web de APLICACIONES METALAYM, S.L. () Tienen finalidad meramente informativa y en ning\u00fan caso supone sugerencia, invitaci\u00f3n o recomendaci\u00f3n sobre los mismos.[\/vc_column_text][section_header main_heading=\u00a0\u00bbPol\u00edtica de cookies\u00a0\u00bb text_align=\u00a0\u00bbleft\u00a0\u00bb font_size=\u00a0\u00bbcustom\u00a0\u00bb custom_font_size=\u00a0\u00bb20&Prime; font_weight=\u00a0\u00bbnormal\u00a0\u00bb use_multi_color=\u00a0\u00bb0&Prime;][vc_column_text]APLICACIONES METALAYM, S.L. (), A trav\u00e9s del presente documento, recoge su Pol\u00edtica de recogida y tratamiento de cookies, en cumplimiento de lo dispuesto en el art\u00edculo 22.2 de la Ley 34\/2002, de 11 de julio, los Serviciosy de la Sociedad de la Informaci\u00f3n y de Comercio Electr\u00f3nico (LSSICE).<\/p>\n<p>Las cookies se almacenan en el equipo terminal del usuario (ordenador o dispositivo m\u00f3vil) y recopilan informaci\u00f3n al visitar la p\u00e1gina web www.metalaym.com, con el fin de mejorar la usabilidad de las mismas, conocer los h\u00e1bitos o necesidades de navegaci\u00f3n de los usuarios para poder adaptarse a los mismos, as\u00ed como obtener informaci\u00f3n con fines estad\u00edsticos. En el caso de aquellos usuarios que ya sean clientes de APLICACIONES METALAYM, S.L. (), La informaci\u00f3n recogida con las cookies servir\u00e1 tambi\u00e9n para su identificaci\u00f3n al acceder a las diferentes herramientas que APLICACIONES METALAYM, S.L. () Pone a su disposici\u00f3n para la gesti\u00f3n de los servicios.<\/p>\n<p>La presente Pol\u00edtica de Cookies ser\u00e1 de aplicaci\u00f3n a aquellos usuarios que voluntariamente visitan las p\u00e1ginas web de APLICACIONES METALAYM, S.L. (), Cumplimentan formularios de recogida de datos, acceden a las herramientas que APLICACIONES METALAYM, S.L. () Pone a disposici\u00f3n de sus clientes para gestionar sus servicios, o utilizare cualquier otro servicio presente en el sitio web que implique la comunicaci\u00f3n de dadess a APLICACIONES METALAYM, S.L. (), o el acceso a datos para APLICACIONES METALAYM, S.L. (), Para la prestaci\u00f3n de sus servicios.<\/p>\n<p>APLICACIONES METALAYM, S.L. () Informa a los usuarios de sus p\u00e1ginas web, de la existencia de cookies y pone a su disposici\u00f3n la presente Pol\u00edtica con el fin de informarles sobre el uso y del objetivo de las mismas. El hecho de continuar la navegaci\u00f3n a trav\u00e9s de sus p\u00e1ginas, supone el conocimiento y la aceptaci\u00f3n de la presente Pol\u00edtica por parte de estos usuarios.<\/p>\n<p>APLICACIONES METALAYM, S.L. () Utiliza los siguientes tipos de cookies:<\/p>\n<p>Clasificadas por su titularidad:<\/p>\n<p>*Cookies propias: enviadas y gestionadas directamente por APLICACIONES METALAYM, S.L.<\/p>\n<p>*Cookies de terceros: enviadas y gestionadas por un tercero ajeno a APLICACIONES METALAYM, S.L., de forma an\u00f3nima, con el fin de realizar estudios estad\u00edsticos de navegaci\u00f3n por las p\u00e1ginas web de APLICACIONES METALAYM, S.L.<\/p>\n<p>Clasificadas por su finalidad:<\/p>\n<p>*Cookies t\u00e9cnicas y \/ o de personalizaci\u00f3n: facilitan la navegaci\u00f3n, al identificar la sesi\u00f3n, permitir el acceso a herramientas de acceso restringido, adem\u00e1s de configurar a medida las opciones disponibles. Posibilitan la prestaci\u00f3n del servicio solicitado previamente por el usuario.<\/p>\n<p>*Cookies de an\u00e1lisis y \/ o publicidad: permiten conocer el n\u00famero de visitas recibidas en las diferentes secciones de las p\u00e1ginas web, los h\u00e1bitos y tendencias de sus usuarios y en consecuencia, poder mejorar la navegaci\u00f3n y el servicio ofrecido por APLICACIONES METALAYM, S.L. (Fundamentalmente, Google Analytics), as\u00ed como gestionar los espacios publicitarios incluidos en la p\u00e1gina web visitada por el usuario. Recopila datos de forma an\u00f3nima con el fin de obtener perfiles de navegaci\u00f3n de los usuarios.<\/p>\n<p>Clasificadas por su duraci\u00f3n:<\/p>\n<p>*Cookies de sesi\u00f3n: recogen y almacenan los datos mientras el usuario accede a la p\u00e1gina web.<\/p>\n<p>*Cookies persistentes: recogen y almacenan los datos en el terminal del usuario durante un periodo de tiempo variable en funci\u00f3n de cu\u00e1l sea la finalidad para la que han sido utilizadas.<\/p>\n<p>El tiempo de conservaci\u00f3n de las cookies depender\u00e1 del tipo de que se trate y siempre ser\u00e1 el m\u00ednimo indispensable para cumplir su finalidad.<\/p>\n<p>En cualquier caso, los usuarios pueden configurar su navegador, por lo que se deshabilite o bloquee la recepci\u00f3n de todas o algunas de las cookies. El hecho de no desear recibir estas cookies, no constituye un impedimento para poder acceder a la informaci\u00f3n de los sitios web de APLICACIONES METALAYM, S.L. aunque el uso de algunos servicios podr\u00e1 ser limitado. Si una vez otorgado el consentimiento para la recepci\u00f3n de cookies, se desea retirarlo, deber\u00e1n eliminarse aquellas almacenadas en el equipo del usuario, a trav\u00e9s de las opciones de los diferentes navegadores.<\/p>\n<p>La forma de configurar los diferentes navegadores para ejercitar las acciones se\u00f1aladas en los p\u00e1rrafos anteriores, se pueden consultar en:<\/p>\n<p>* Explorer: http:\/\/windows.microsoft.com\/es-es\/windows7\/how-to-manage-cookies-in-internet-explorer-9<\/p>\n<p>* Chrome: https:\/\/support.google.com\/chrome\/answer\/95647?hl=es<\/p>\n<p>* Firefox: http:\/\/support.mozilla.org\/es\/kb\/cookies-informacion-que-los-sitios-web-guardan-en-?redirectlocale=en-US&amp;redirectslug=Cookies[\/vc_column_text][\/vc_column][\/vc_row]<\/p>\n<\/div>","protected":false},"excerpt":{"rendered":"<p>[vc_row css=\u00a0\u00bb.vc_custom_1507541007434{margin-top: 60px !important;}\u00a0\u00bb][vc_column css=\u00a0\u00bb.vc_custom_1507540970948{padding-bottom: 60px !important;}\u00a0\u00bb][section_header main_heading=\u00a0\u00bbAviso legal\u00a0\u00bb text_align=\u00a0\u00bbleft\u00a0\u00bb font_size=\u00a0\u00bbcustom\u00a0\u00bb custom_font_size=\u00a0\u00bb20&Prime; font_weight=\u00a0\u00bbnormal\u00a0\u00bb use_multi_color=\u00a0\u00bb0&Prime;][vc_column_text]En cumplimiento de lo previsto en el art\u00edculo 10 de la Ley 34\/2002, de 11 de julio, de Servicios de la Sociedad de la Informaci\u00f3n y Comercio Electr\u00f3nico (LSSICE), se informa que metalaym.com es un dominio de la empresa APLICACIONS METALAYM .&hellip;<\/p>\n","protected":false},"author":1,"featured_media":0,"parent":0,"menu_order":0,"comment_status":"closed","ping_status":"closed","template":"fullwidth.php","meta":{"footnotes":""},"class_list":["post-11614","page","type-page","status-publish","hentry"],"yoast_head":"<!-- This site is optimized with the Yoast SEO plugin v25.3 - https:\/\/yoast.com\/wordpress\/plugins\/seo\/ -->\n<title>Informations juridiques<\/title>\n<meta name=\"description\" content=\"Informations juridiques\" \/>\n<meta name=\"robots\" content=\"index, follow, max-snippet:-1, max-image-preview:large, max-video-preview:-1\" \/>\n<link rel=\"canonical\" href=\"https:\/\/metalaym.com\/fr\/informations-juridiques\/\" \/>\n<meta property=\"og:locale\" content=\"fr_FR\" \/>\n<meta property=\"og:type\" content=\"article\" \/>\n<meta property=\"og:title\" content=\"Informations juridiques\" \/>\n<meta property=\"og:description\" content=\"Informations juridiques\" \/>\n<meta property=\"og:url\" content=\"https:\/\/metalaym.com\/fr\/informations-juridiques\/\" \/>\n<meta property=\"og:site_name\" content=\"Metalaym\" \/>\n<meta property=\"article:modified_time\" content=\"2019-02-25T17:15:01+00:00\" \/>\n<meta name=\"twitter:card\" content=\"summary_large_image\" \/>\n<meta name=\"twitter:label1\" content=\"Dur\u00e9e de lecture estim\u00e9e\" \/>\n\t<meta name=\"twitter:data1\" content=\"7 minutes\" \/>\n<script type=\"application\/ld+json\" class=\"yoast-schema-graph\">{\"@context\":\"https:\/\/schema.org\",\"@graph\":[{\"@type\":\"WebPage\",\"@id\":\"https:\/\/metalaym.com\/fr\/informations-juridiques\/\",\"url\":\"https:\/\/metalaym.com\/fr\/informations-juridiques\/\",\"name\":\"Informations juridiques\",\"isPartOf\":{\"@id\":\"https:\/\/metalaym.com\/#website\"},\"datePublished\":\"2017-10-09T09:20:36+00:00\",\"dateModified\":\"2019-02-25T17:15:01+00:00\",\"description\":\"Informations juridiques\",\"breadcrumb\":{\"@id\":\"https:\/\/metalaym.com\/fr\/informations-juridiques\/#breadcrumb\"},\"inLanguage\":\"fr-FR\",\"potentialAction\":[{\"@type\":\"ReadAction\",\"target\":[\"https:\/\/metalaym.com\/fr\/informations-juridiques\/\"]}]},{\"@type\":\"BreadcrumbList\",\"@id\":\"https:\/\/metalaym.com\/fr\/informations-juridiques\/#breadcrumb\",\"itemListElement\":[{\"@type\":\"ListItem\",\"position\":1,\"name\":\"Inici\",\"item\":\"https:\/\/metalaym.com\/fr\/\"},{\"@type\":\"ListItem\",\"position\":2,\"name\":\"Informations juridiques\"}]},{\"@type\":\"WebSite\",\"@id\":\"https:\/\/metalaym.com\/#website\",\"url\":\"https:\/\/metalaym.com\/\",\"name\":\"Metalaym\",\"description\":\"Transformaci\u00f3 met\u00e0l\u00b7lica amb ferro i inox\",\"potentialAction\":[{\"@type\":\"SearchAction\",\"target\":{\"@type\":\"EntryPoint\",\"urlTemplate\":\"https:\/\/metalaym.com\/?s={search_term_string}\"},\"query-input\":{\"@type\":\"PropertyValueSpecification\",\"valueRequired\":true,\"valueName\":\"search_term_string\"}}],\"inLanguage\":\"fr-FR\"}]}<\/script>\n<!-- \/ Yoast SEO plugin. -->","yoast_head_json":{"title":"Informations juridiques","description":"Informations juridiques","robots":{"index":"index","follow":"follow","max-snippet":"max-snippet:-1","max-image-preview":"max-image-preview:large","max-video-preview":"max-video-preview:-1"},"canonical":"https:\/\/metalaym.com\/fr\/informations-juridiques\/","og_locale":"fr_FR","og_type":"article","og_title":"Informations juridiques","og_description":"Informations juridiques","og_url":"https:\/\/metalaym.com\/fr\/informations-juridiques\/","og_site_name":"Metalaym","article_modified_time":"2019-02-25T17:15:01+00:00","twitter_card":"summary_large_image","twitter_misc":{"Dur\u00e9e de lecture estim\u00e9e":"7 minutes"},"schema":{"@context":"https:\/\/schema.org","@graph":[{"@type":"WebPage","@id":"https:\/\/metalaym.com\/fr\/informations-juridiques\/","url":"https:\/\/metalaym.com\/fr\/informations-juridiques\/","name":"Informations juridiques","isPartOf":{"@id":"https:\/\/metalaym.com\/#website"},"datePublished":"2017-10-09T09:20:36+00:00","dateModified":"2019-02-25T17:15:01+00:00","description":"Informations juridiques","breadcrumb":{"@id":"https:\/\/metalaym.com\/fr\/informations-juridiques\/#breadcrumb"},"inLanguage":"fr-FR","potentialAction":[{"@type":"ReadAction","target":["https:\/\/metalaym.com\/fr\/informations-juridiques\/"]}]},{"@type":"BreadcrumbList","@id":"https:\/\/metalaym.com\/fr\/informations-juridiques\/#breadcrumb","itemListElement":[{"@type":"ListItem","position":1,"name":"Inici","item":"https:\/\/metalaym.com\/fr\/"},{"@type":"ListItem","position":2,"name":"Informations juridiques"}]},{"@type":"WebSite","@id":"https:\/\/metalaym.com\/#website","url":"https:\/\/metalaym.com\/","name":"Metalaym","description":"Transformaci\u00f3 met\u00e0l\u00b7lica amb ferro i inox","potentialAction":[{"@type":"SearchAction","target":{"@type":"EntryPoint","urlTemplate":"https:\/\/metalaym.com\/?s={search_term_string}"},"query-input":{"@type":"PropertyValueSpecification","valueRequired":true,"valueName":"search_term_string"}}],"inLanguage":"fr-FR"}]}},"_links":{"self":[{"href":"https:\/\/metalaym.com\/fr\/wp-json\/wp\/v2\/pages\/11614","targetHints":{"allow":["GET"]}}],"collection":[{"href":"https:\/\/metalaym.com\/fr\/wp-json\/wp\/v2\/pages"}],"about":[{"href":"https:\/\/metalaym.com\/fr\/wp-json\/wp\/v2\/types\/page"}],"author":[{"embeddable":true,"href":"https:\/\/metalaym.com\/fr\/wp-json\/wp\/v2\/users\/1"}],"replies":[{"embeddable":true,"href":"https:\/\/metalaym.com\/fr\/wp-json\/wp\/v2\/comments?post=11614"}],"version-history":[{"count":1,"href":"https:\/\/metalaym.com\/fr\/wp-json\/wp\/v2\/pages\/11614\/revisions"}],"predecessor-version":[{"id":11616,"href":"https:\/\/metalaym.com\/fr\/wp-json\/wp\/v2\/pages\/11614\/revisions\/11616"}],"wp:attachment":[{"href":"https:\/\/metalaym.com\/fr\/wp-json\/wp\/v2\/media?parent=11614"}],"curies":[{"name":"wp","href":"https:\/\/api.w.org\/{rel}","templated":true}]}}